{"id":1987,"date":"2024-03-26T16:13:49","date_gmt":"2024-03-26T20:13:49","guid":{"rendered":"https:\/\/moderatorclub.org\/member-section\/"},"modified":"2026-03-21T15:41:42","modified_gmt":"2026-03-21T19:41:42","slug":"resources","status":"publish","type":"page","link":"https:\/\/moderatorclub.org\/fr\/resources\/","title":{"rendered":"Ressources"},"content":{"rendered":"\n<div class=\"et_pb_section_0 et_pb_section et_section_regular et_block_section\"><div class=\"et_pb_row_0 et_pb_row et_block_row\"><div class=\"et_pb_column_0 et_pb_column et_pb_column_4_4 et-last-child et_block_column et_pb_css_mix_blend_mode_passthrough\"><div class=\"et_pb_text_0 et_pb_text et_pb_bg_layout_light et_pb_module et_block_module\"><div class=\"et_pb_text_inner\"><h1>Section Membre<\/h1>\n<h3>Welcome to the member section<\/h3>\n<p><strong>Download links:<\/strong><\/p>\n<ul>\n<li><a href=\"https:\/\/moderatorclub.org\/wp-content\/uploads\/2024\/03\/Moderators_Official_Functions_Handbook.pdf\" rel=\"attachment wp-att-1984\">Moderators Official Functions Handbook (EN)<\/a><\/li>\n<\/ul>\n<p><strong>Evaluation Forms:<\/strong><\/p>\n<ul>\n<li><a href=\"https:\/\/moderatorclub.org\/wp-content\/uploads\/2025\/11\/8053-generic-evaluation-resource.pdf\" target=\"_blank\" rel=\"noopener\">Generic evaluation form (en)<\/a><\/li>\n<li><a href=\"https:\/\/moderatorclub.org\/wp-content\/uploads\/2025\/11\/Generic-Evaluation-Resource-FR.pdf\" target=\"_blank\" rel=\"noopener\">Generic evaluation form (fr)<\/a><\/li>\n<li><a href=\"https:\/\/moderatorclub.org\/wp-content\/uploads\/2024\/04\/Level-1.1-Evaluation-Form-Icebreaker.pdf\" rel=\"attachment wp-att-2007\">Level-1.1-Evaluation-Form-Icebreaker (EN)<\/a><\/li>\n<li><a href=\"https:\/\/moderatorclub.org\/wp-content\/uploads\/2024\/04\/Level-1.2-Evaluation-Form-Evaluation-and-Feedback-First-Speech.pdf\" rel=\"attachment wp-att-2005\">Level-1.2-Evaluation-Form-Evaluation-and-Feedback-First-Speech (EN)<\/a><\/li>\n<li><a href=\"https:\/\/moderatorclub.org\/wp-content\/uploads\/2024\/04\/Level-1.3-Evaluation-Form-Evaluation-and-Feedback-Second-Speech.pdf\" rel=\"attachment wp-att-2003\">Level-1.3-Evaluation-Form-Evaluation-and-Feedback-Second-Speech (EN)<\/a><\/li>\n<li><a href=\"https:\/\/moderatorclub.org\/wp-content\/uploads\/2024\/04\/Level-1.4-Evaluation-Form-Research-and-Presenting.pdf\" rel=\"attachment wp-att-2001\">Level-1.4-Evaluation-Form-Research-and-Presenting (EN)<\/a><\/li>\n<\/ul>\n<ul><\/ul>\n<p><strong>How to be an speech evaluator:<\/strong><\/p>\n<ul>\n<li>Level 1 - Project 4 - Evaluation &amp; Feedback Project<\/li>\n<li><a href=\"https:\/\/www.tmd61.com\/video-category\/evaluation\/\" target=\"_blank\" rel=\"noopener\">https:\/\/www.tmd61.com\/video-category\/evaluation\/<\/a><\/li>\n<li><a href=\"https:\/\/www.toastmasters.org\/membership\/club-meeting-roles\/evaluator\" target=\"_blank\" rel=\"noopener\">https:\/\/www.toastmasters.org\/membership\/club-meeting-roles\/evaluator<\/a><\/li>\n<li><a href=\"https:\/\/www.toastmasters.org\/Resources\/Evaluate%20to%20Motivate\" title=\"Click to open https:\/\/www.toastmasters.org\/Resources\/Evaluate%20to%20Motivate\" target=\"_blank\" rel=\"noopener\">https:\/\/www.toastmasters.org\/Resources\/Evaluate%20to%20Motivate<\/a><\/li>\n<li><a href=\"https:\/\/www.toastmasters.org\/Magazine\/Magazine%20Issues\/2023\/July\/Evaluations\" title=\"Click to open https:\/\/www.toastmasters.org\/Magazine\/Magazine%20Issues\/2023\/July\/Evaluations\" target=\"_blank\" rel=\"noopener\">https:\/\/www.toastmasters.org\/Magazine\/Magazine%20Issues\/2023\/July\/Evaluations<\/a><\/li>\n<li><a href=\"https:\/\/www.toastmasters.org\/Magazine\/Magazine%20Issues\/2020\/July\/Sidebars\/How%20To%20Give%20And%20Receive%20Evaluations\" title=\"Click to open https:\/\/www.toastmasters.org\/Magazine\/Magazine%20Issues\/2020\/July\/Sidebars\/How%20To%20Give%20And%20Receive%20Evaluations\" target=\"_blank\" rel=\"noopener\">https:\/\/www.toastmasters.org\/Magazine\/Magazine%20Issues\/2020\/July\/Sidebars\/How%20To%20Give%20And%20Receive%20Evaluations<\/a><\/li>\n<li><a href=\"https:\/\/www.toastmasters.org\/Magazine\/Magazine%20Issues\/2023\/July\/Sidebars\/Basics%20Evaluations\" title=\"Click to open https:\/\/www.toastmasters.org\/Magazine\/Magazine%20Issues\/2023\/July\/Sidebars\/Basics%20Evaluations\" target=\"_blank\" rel=\"noopener\">https:\/\/www.toastmasters.org\/Magazine\/Magazine%20Issues\/2023\/July\/Sidebars\/Basics%20Evaluations<\/a><\/li>\n<li><a href=\"https:\/\/www.toastmasters.org\/Magazine\/Magazine%20Issues\/2020\/Mar\/The%20Three%20Rs%20Of%20Preparing%20To%20Evaluate\" title=\"Click to open https:\/\/www.toastmasters.org\/Magazine\/Magazine%20Issues\/2020\/Mar\/The%20Three%20Rs%20Of%20Preparing%20To%20Evaluate\" target=\"_blank\" rel=\"noopener\">https:\/\/www.toastmasters.org\/Magazine\/Magazine%20Issues\/2020\/Mar\/The%20Three%20Rs%20Of%20Preparing%20To%20Evaluate<\/a><\/li>\n<li><a href=\"https:\/\/www.toastmasters.org\/Magazine\/Magazine%20Issues\/2018\/July2018\/Sidebars\/Evaluate%20Effectively\" title=\"Click to open https:\/\/www.toastmasters.org\/Magazine\/Magazine%20Issues\/2018\/July2018\/Sidebars\/Evaluate%20Effectively\" target=\"_blank\" rel=\"noopener\">https:\/\/www.toastmasters.org\/Magazine\/Magazine%20Issues\/2018\/July2018\/Sidebars\/Evaluate%20Effectively<\/a><\/li>\n<\/ul>\n<p><strong>Other:<\/strong><\/p>\n<ul>\n<li>Roberts Rules of Order (<a href=\"https:\/\/www.gutenberg.org\/cache\/epub\/9097\/pg9097-images.html\" target=\"_blank\" rel=\"noopener\">1875 version in public domain<\/a>)<\/li>\n<\/ul>\n<p><strong>Proc\u00e9dures de chronom\u00e9trage<\/strong> :<\/p>\n<ul>\n<li>Discours improvisation : 1 \u00e0 2 minutes\n<ul>\n<li>Vert \u00e0 1 minute<\/li>\n<li>Jaune \u00e0 1 minute 30<\/li>\n<li>Rouge \u00e0 2 minutes<\/li>\n<li>Le participant dispose de 30 secondes pour conclure.<\/li>\n<\/ul>\n<\/li>\n<li>Discours individuel: 5 \u00e0 7 minutes\n<ul>\n<li>Vert \u00e0 5 minutes<\/li>\n<li>Jaune \u00e0 6 minutes<\/li>\n<li>Rouge \u00e0 7 minutes<\/li>\n<li>Le participant dispose de 30 secondes pour conclure.<\/li>\n<\/ul>\n<\/li>\n<li>\u00c9valuation des improvisations :\n<ul>\n<li>Rouge au nombre de questions multipli\u00e9 par 30 secondes<\/li>\n<li>L\u2019\u00e9valuateur dispose de 30 secondes pour conclure apr\u00e8s cela.<\/li>\n<li>Le vert et le jaune d\u00e9pendent de la dur\u00e9e.<\/li>\n<\/ul>\n<\/li>\n<li>\u00c9valuation de discours :\n<ul>\n<li>Vert \u00e0 2 minutes<\/li>\n<li>Jaune \u00e0 2 minutes 30<\/li>\n<li>Rouge \u00e0 3 minutes<\/li>\n<li>L\u2019\u00e9valuateur dispose de 30 secondes pour conclure apr\u00e8s cela.<\/li>\n<\/ul>\n<\/li>\n<\/ul>\n<p>&nbsp;<\/p>\n<\/div><\/div><div class=\"et_pb_text_1 et_pb_text et_pb_bg_layout_light et_pb_module et_block_module\"><div class=\"et_pb_text_inner\"><h1><strong>Comment t\u00e9l\u00e9charger la fiche d'\u00e9valuation dans une diff\u00e9rente langue:<\/strong><\/h1>\n<\/div><\/div><div class=\"et_pb_image_0 et_pb_image et_pb_module et_block_module\"><a href=\"https:\/\/moderatorclub.org\/wp-content\/uploads\/2026\/02\/2026-02-24_13-59.png\" class=\"et_pb_lightbox_image\"><span class=\"et_pb_image_wrap\"><img loading=\"lazy\" decoding=\"async\" src=\"https:\/\/moderatorclub.org\/wp-content\/uploads\/2026\/02\/2026-02-24_13-59.png\" width=\"1803\" height=\"310\" srcset=\"https:\/\/moderatorclub.org\/wp-content\/uploads\/2026\/02\/2026-02-24_13-59.png 1803w, https:\/\/moderatorclub.org\/wp-content\/uploads\/2026\/02\/2026-02-24_13-59-1280x220.png 1280w, https:\/\/moderatorclub.org\/wp-content\/uploads\/2026\/02\/2026-02-24_13-59-980x168.png 980w, https:\/\/moderatorclub.org\/wp-content\/uploads\/2026\/02\/2026-02-24_13-59-480x83.png 480w\" sizes=\"(min-width: 0px) and (max-width: 480px) 480px, (min-width: 481px) and (max-width: 980px) 980px, (min-width: 981px) and (max-width: 1280px) 1280px, (min-width: 1281px) 1803px, 100vw\" class=\"wp-image-4427\" title=\"2026-02-24_13-59\" \/><\/span><\/a><\/div><div class=\"et_pb_image_1 et_pb_image et_pb_module et_block_module\"><a href=\"https:\/\/moderatorclub.org\/wp-content\/uploads\/2026\/02\/2026-02-24_14-06.png\" class=\"et_pb_lightbox_image\"><span class=\"et_pb_image_wrap\"><img loading=\"lazy\" decoding=\"async\" src=\"https:\/\/moderatorclub.org\/wp-content\/uploads\/2026\/02\/2026-02-24_14-06.png\" width=\"1770\" height=\"663\" srcset=\"https:\/\/moderatorclub.org\/wp-content\/uploads\/2026\/02\/2026-02-24_14-06.png 1770w, https:\/\/moderatorclub.org\/wp-content\/uploads\/2026\/02\/2026-02-24_14-06-1280x479.png 1280w, https:\/\/moderatorclub.org\/wp-content\/uploads\/2026\/02\/2026-02-24_14-06-980x367.png 980w, https:\/\/moderatorclub.org\/wp-content\/uploads\/2026\/02\/2026-02-24_14-06-480x180.png 480w\" sizes=\"(min-width: 0px) and (max-width: 480px) 480px, (min-width: 481px) and (max-width: 980px) 980px, (min-width: 981px) and (max-width: 1280px) 1280px, (min-width: 1281px) 1770px, 100vw\" class=\"wp-image-4435\" title=\"2026-02-24_14-06\" \/><\/span><\/a><\/div><div class=\"et_pb_image_2 et_pb_image et_pb_module et_block_module\"><a href=\"https:\/\/moderatorclub.org\/wp-content\/uploads\/2026\/02\/2026-02-24_14-01.png\" class=\"et_pb_lightbox_image\"><span class=\"et_pb_image_wrap\"><img loading=\"lazy\" decoding=\"async\" src=\"https:\/\/moderatorclub.org\/wp-content\/uploads\/2026\/02\/2026-02-24_14-01.png\" width=\"2170\" height=\"419\" srcset=\"https:\/\/moderatorclub.org\/wp-content\/uploads\/2026\/02\/2026-02-24_14-01.png 2170w, https:\/\/moderatorclub.org\/wp-content\/uploads\/2026\/02\/2026-02-24_14-01-1280x247.png 1280w, https:\/\/moderatorclub.org\/wp-content\/uploads\/2026\/02\/2026-02-24_14-01-980x189.png 980w, https:\/\/moderatorclub.org\/wp-content\/uploads\/2026\/02\/2026-02-24_14-01-480x93.png 480w\" sizes=\"(min-width: 0px) and (max-width: 480px) 480px, (min-width: 481px) and (max-width: 980px) 980px, (min-width: 981px) and (max-width: 1280px) 1280px, (min-width: 1281px) 2170px, 100vw\" class=\"wp-image-4431\" title=\"2026-02-24_14-01\" \/><\/span><\/a><\/div><div class=\"et_pb_image_3 et_pb_image et_pb_module et_block_module\"><a href=\"https:\/\/moderatorclub.org\/wp-content\/uploads\/2026\/02\/2026-02-24_14-02.png\" class=\"et_pb_lightbox_image\"><span class=\"et_pb_image_wrap\"><img loading=\"lazy\" decoding=\"async\" src=\"https:\/\/moderatorclub.org\/wp-content\/uploads\/2026\/02\/2026-02-24_14-02.png\" width=\"1753\" height=\"797\" srcset=\"https:\/\/moderatorclub.org\/wp-content\/uploads\/2026\/02\/2026-02-24_14-02.png 1753w, https:\/\/moderatorclub.org\/wp-content\/uploads\/2026\/02\/2026-02-24_14-02-1280x582.png 1280w, https:\/\/moderatorclub.org\/wp-content\/uploads\/2026\/02\/2026-02-24_14-02-980x446.png 980w, https:\/\/moderatorclub.org\/wp-content\/uploads\/2026\/02\/2026-02-24_14-02-480x218.png 480w\" sizes=\"(min-width: 0px) and (max-width: 480px) 480px, (min-width: 481px) and (max-width: 980px) 980px, (min-width: 981px) and (max-width: 1280px) 1280px, (min-width: 1281px) 1753px, 100vw\" class=\"wp-image-4433\" title=\"2026-02-24_14-02\" \/><\/span><\/a><\/div><div class=\"et_pb_text_2 et_pb_text et_pb_bg_layout_light et_pb_module et_block_module\"><\/div><\/div><\/div><\/div>\n","protected":false},"excerpt":{"rendered":"","protected":false},"author":1,"featured_media":0,"parent":0,"menu_order":0,"comment_status":"closed","ping_status":"closed","template":"","meta":{"footnotes":""},"class_list":["post-1987","page","type-page","status-publish","hentry"],"_links":{"self":[{"href":"https:\/\/moderatorclub.org\/fr\/wp-json\/wp\/v2\/pages\/1987","targetHints":{"allow":["GET"]}}],"collection":[{"href":"https:\/\/moderatorclub.org\/fr\/wp-json\/wp\/v2\/pages"}],"about":[{"href":"https:\/\/moderatorclub.org\/fr\/wp-json\/wp\/v2\/types\/page"}],"author":[{"embeddable":true,"href":"https:\/\/moderatorclub.org\/fr\/wp-json\/wp\/v2\/users\/1"}],"replies":[{"embeddable":true,"href":"https:\/\/moderatorclub.org\/fr\/wp-json\/wp\/v2\/comments?post=1987"}],"version-history":[{"count":21,"href":"https:\/\/moderatorclub.org\/fr\/wp-json\/wp\/v2\/pages\/1987\/revisions"}],"predecessor-version":[{"id":4571,"href":"https:\/\/moderatorclub.org\/fr\/wp-json\/wp\/v2\/pages\/1987\/revisions\/4571"}],"wp:attachment":[{"href":"https:\/\/moderatorclub.org\/fr\/wp-json\/wp\/v2\/media?parent=1987"}],"curies":[{"name":"wp","href":"https:\/\/api.w.org\/{rel}","templated":true}]}}