{"id":299,"date":"2021-12-11T21:56:38","date_gmt":"2021-12-11T21:56:38","guid":{"rendered":"https:\/\/moderatorclub.org\/executive-committee\/"},"modified":"2026-03-21T15:36:52","modified_gmt":"2026-03-21T19:36:52","slug":"comite-executif","status":"publish","type":"page","link":"https:\/\/moderatorclub.org\/fr\/comite-executif\/","title":{"rendered":"Comit\u00e9 ex\u00e9cutif"},"content":{"rendered":"\n<div class=\"et_pb_section_0 et_pb_section et_section_regular et_block_section\"><div class=\"et_pb_row_0 et_pb_row et_block_row\"><div class=\"et_pb_column_0 et_pb_column et_pb_column_4_4 et-last-child et_block_column et_pb_css_mix_blend_mode_passthrough\"><div class=\"et_pb_text_0 et_pb_text et_pb_bg_layout_light et_pb_module et_block_module\"><div class=\"et_pb_text_inner\"><h1><span style=\"color: #993300;\">Les membres du comit\u00e9 actuel<\/span><\/h1>\n<\/div><\/div><\/div><\/div><div class=\"et_pb_row_1 et_pb_row et_block_row\"><div class=\"et_pb_column_1 et_pb_column et_pb_column_1_3 et_block_column et_pb_css_mix_blend_mode_passthrough\"><div class=\"et_pb_team_member_0 et_pb_team_member et_pb_bg_layout_light et_pb_module et_block_module\"><div class=\"et_pb_team_member_image et-waypoint et_pb_animation_off\"><img loading=\"lazy\" decoding=\"async\" src=\"https:\/\/moderatorclub.org\/wp-content\/uploads\/2025\/08\/Ken-An.jpeg\" alt=\"Ken An\" width=\"1624\" height=\"1723\" srcset=\"https:\/\/moderatorclub.org\/wp-content\/uploads\/2025\/08\/Ken-An.jpeg 1624w, https:\/\/moderatorclub.org\/wp-content\/uploads\/2025\/08\/Ken-An-1280x1358.jpeg 1280w, https:\/\/moderatorclub.org\/wp-content\/uploads\/2025\/08\/Ken-An-980x1040.jpeg 980w, https:\/\/moderatorclub.org\/wp-content\/uploads\/2025\/08\/Ken-An-480x509.jpeg 480w\" sizes=\"(min-width: 0px) and (max-width: 480px) 480px, (min-width: 481px) and (max-width: 980px) 980px, (min-width: 981px) and (max-width: 1280px) 1280px, (min-width: 1281px) 1624px, 100vw\" class=\"wp-image-3028\" \/><\/div><div class=\"et_pb_team_member_description\"><h4 class=\"et_pb_module_header\">Ken An<\/h4><p class=\"et_pb_member_position\">Pr\u00e9sident<\/p><div class=\"et_pb_team_member_description_content\"><p><span class=\"OYPEnA font-feature-liga-off font-feature-clig-off font-feature-calt-off text-decoration-none text-strikethrough-none\">En tant que pr\u00e9sident, j\u2019imagine un club solidaire o\u00f9 chaque membre grandit en toute confiance, d\u00e9couvre sa voix, atteint ses objectifs et contribue \u00e0 une communaut\u00e9 dynamique favorisant le leadership, l\u2019apprentissage et les amiti\u00e9s durables.<\/span><\/p>\n<\/div><\/div><\/div><\/div><div class=\"et_pb_column_2 et_pb_column et_pb_column_1_3 et_block_column et_pb_css_mix_blend_mode_passthrough\"><div class=\"et_pb_team_member_1 et_pb_team_member et_pb_bg_layout_light et_pb_module et_block_module\"><div class=\"et_pb_team_member_image et-waypoint et_pb_animation_off\"><img loading=\"lazy\" decoding=\"async\" src=\"https:\/\/moderatorclub.org\/wp-content\/uploads\/2025\/08\/Wadih-Maalouf.png\" alt=\"Wadih Maalouf\" width=\"522\" height=\"547\" srcset=\"https:\/\/moderatorclub.org\/wp-content\/uploads\/2025\/08\/Wadih-Maalouf.png 522w, https:\/\/moderatorclub.org\/wp-content\/uploads\/2025\/08\/Wadih-Maalouf-480x503.png 480w\" sizes=\"(min-width: 0px) and (max-width: 480px) 480px, (min-width: 481px) 522px, 100vw\" class=\"wp-image-3030\" \/><\/div><div class=\"et_pb_team_member_description\"><h4 class=\"et_pb_module_header\">Wadih Maalouf<\/h4><p class=\"et_pb_member_position\">Vice pr\u00e9sident \u00e0 la formation<\/p><div class=\"et_pb_team_member_description_content\"><p><span class=\"OYPEnA font-feature-liga-off font-feature-clig-off font-feature-calt-off text-decoration-none text-strikethrough-none\">Mon objectif est d'aider chacun \u00e0 terminer un parcours cette ann\u00e9e, de soutenir les membres individuellement et de cr\u00e9er une culture de club qui r\u00e9compense les participants qui ont termin\u00e9 un parcours avec des pins officiels Toastmasters. R\u00e9ussissons !<\/span><\/p>\n<\/div><\/div><\/div><\/div><div class=\"et_pb_column_3 et_pb_column et_pb_column_1_3 et-last-child et_block_column et_pb_css_mix_blend_mode_passthrough\"><div class=\"et_pb_team_member_2 et_pb_team_member et_pb_bg_layout_light et_pb_module et_block_module\"><div class=\"et_pb_team_member_image et-waypoint et_pb_animation_off\"><img loading=\"lazy\" decoding=\"async\" src=\"https:\/\/moderatorclub.org\/wp-content\/uploads\/2025\/08\/Soukaina-Rahmouni.jpeg\" alt=\"Soukaina Rahmouni\" width=\"800\" height=\"800\" srcset=\"https:\/\/moderatorclub.org\/wp-content\/uploads\/2025\/08\/Soukaina-Rahmouni.jpeg 800w, https:\/\/moderatorclub.org\/wp-content\/uploads\/2025\/08\/Soukaina-Rahmouni-480x480.jpeg 480w\" sizes=\"(min-width: 0px) and (max-width: 480px) 480px, (min-width: 481px) 800px, 100vw\" class=\"wp-image-3032\" \/><\/div><div class=\"et_pb_team_member_description\"><h4 class=\"et_pb_module_header\">Soukaina Rahmouni<\/h4><p class=\"et_pb_member_position\">Vice president au recrutement<\/p><div class=\"et_pb_team_member_description_content\"><p><span class=\"OYPEnA font-feature-liga-off font-feature-clig-off font-feature-calt-off text-decoration-none text-strikethrough-none\">Je r\u00eave d\u2019un club Toastmasters o\u00f9 chacun se sent bienvenu, o\u00f9 les membres motiv\u00e9s grandissent ensemble, apprennent, inspirent et int\u00e8grent une aventure humaine et une communaut\u00e9 bienveillante.<\/span><\/p>\n<\/div><\/div><\/div><\/div><\/div><div class=\"et_pb_row_2 et_pb_row et_block_row\"><div class=\"et_pb_column_4 et_pb_column et_pb_column_1_3 et_block_column et_pb_css_mix_blend_mode_passthrough\"><\/div><div class=\"et_pb_column_5 et_pb_column et_pb_column_1_3 et_block_column et_pb_css_mix_blend_mode_passthrough\"><div class=\"et_pb_team_member_4 et_pb_team_member et_pb_bg_layout_light et_pb_module et_block_module\"><div class=\"et_pb_team_member_image et-waypoint et_pb_animation_off\"><img loading=\"lazy\" decoding=\"async\" src=\"https:\/\/moderatorclub.org\/wp-content\/uploads\/2025\/08\/Oubaida-Bagoudou-Labo.jpg\" alt=\"Oubaida Bagoudou Labo\" width=\"802\" height=\"802\" srcset=\"https:\/\/moderatorclub.org\/wp-content\/uploads\/2025\/08\/Oubaida-Bagoudou-Labo.jpg 802w, https:\/\/moderatorclub.org\/wp-content\/uploads\/2025\/08\/Oubaida-Bagoudou-Labo-480x480.jpg 480w\" sizes=\"(min-width: 0px) and (max-width: 480px) 480px, (min-width: 481px) 802px, 100vw\" class=\"wp-image-3041\" \/><\/div><div class=\"et_pb_team_member_description\"><h4 class=\"et_pb_module_header\">Oubaida Bagoudou Labo<\/h4><p class=\"et_pb_member_position\">Secr\u00e9taire<\/p><div class=\"et_pb_team_member_description_content\"><p><span>\u00catre secr\u00e9taire, c\u2019est contribuer au bon fonctionnement du club. J\u2019aime organiser, consigner et faciliter la communication \u2014 en \u0153uvrant dans l\u2019ombre tout en d\u00e9veloppant mon sens de la structure, de la rigueur et de l\u2019attention aux d\u00e9tails.<\/span><\/p>\n<\/div><\/div><\/div><\/div><div class=\"et_pb_column_6 et_pb_column et_pb_column_1_3 et-last-child et_block_column et_pb_css_mix_blend_mode_passthrough\"><div class=\"et_pb_team_member_5 et_pb_team_member et_pb_bg_layout_light et_pb_module et_block_module\"><div class=\"et_pb_team_member_image et-waypoint et_pb_animation_off\"><img loading=\"lazy\" decoding=\"async\" src=\"https:\/\/moderatorclub.org\/wp-content\/uploads\/2025\/08\/Brian-Saikaly.png\" alt=\"Brian Saikaly\" width=\"800\" height=\"800\" srcset=\"https:\/\/moderatorclub.org\/wp-content\/uploads\/2025\/08\/Brian-Saikaly.png 800w, https:\/\/moderatorclub.org\/wp-content\/uploads\/2025\/08\/Brian-Saikaly-480x480.png 480w\" sizes=\"(min-width: 0px) and (max-width: 480px) 480px, (min-width: 481px) 800px, 100vw\" class=\"wp-image-3047\" \/><\/div><div class=\"et_pb_team_member_description\"><h4 class=\"et_pb_module_header\">Brian Saikaly<\/h4><p class=\"et_pb_member_position\">Tr\u00e9sorier<\/p><div class=\"et_pb_team_member_description_content\"><p><span class=\"OYPEnA font-feature-liga-off font-feature-clig-off font-feature-calt-off text-decoration-none text-strikethrough-none\">Ma vision : Sensibiliser aux finances du club, expliquer comment les fonds soutiennent l\u2019\u00e9ducation et \u00e9tablir une comptabilit\u00e9 formelle avec des rapports r\u00e9guliers pour les dirigeants et les membres.<\/span><\/p>\n<\/div><\/div><\/div><\/div><\/div><div class=\"et_pb_row_3 et_pb_row et_block_row\"><div class=\"et_pb_column_7 et_pb_column et_pb_column_1_3 et_block_column et_pb_css_mix_blend_mode_passthrough\"><div class=\"et_pb_team_member_6 et_pb_team_member et_pb_bg_layout_light et_pb_module et_block_module\"><div class=\"et_pb_team_member_image et-waypoint et_pb_animation_off\"><img loading=\"lazy\" decoding=\"async\" src=\"https:\/\/moderatorclub.org\/wp-content\/uploads\/2025\/08\/Mohammad-Saedi.png\" alt=\"Mohammad Saedi\" width=\"259\" height=\"260\" srcset=\"https:\/\/moderatorclub.org\/wp-content\/uploads\/2025\/08\/Mohammad-Saedi.png 259w, https:\/\/moderatorclub.org\/wp-content\/uploads\/2025\/08\/Mohammad-Saedi-150x150.png 150w\" sizes=\"(max-width: 259px) 100vw, 259px\" class=\"wp-image-3049\" \/><\/div><div class=\"et_pb_team_member_description\"><h4 class=\"et_pb_module_header\">Mohammad Saedi<\/h4><p class=\"et_pb_member_position\">Huissier<\/p><div class=\"et_pb_team_member_description_content\"><p><span class=\"OYPEnA font-feature-liga-off font-feature-clig-off font-feature-calt-off text-decoration-none text-strikethrough-none\">Il est essentiel de veiller \u00e0 ce que tout le mat\u00e9riel n\u00e9cessaire au bon d\u00e9roulement d'une s\u00e9ance soit correctement fourni. Tout en pr\u00e9servant le patrimoine du club, nous pouvons explorer l'utilisation d'outils innovants pour mieux servir les membres.<\/span><span class=\"OYPEnA font-feature-liga-off font-feature-clig-off font-feature-calt-off text-decoration-none text-strikethrough-none white-space-prewrap\"><\/span><\/p>\n<\/div><\/div><\/div><\/div><div class=\"et_pb_column_8 et_pb_column et_pb_column_1_3 et_block_column et_pb_css_mix_blend_mode_passthrough\"><div class=\"et_pb_team_member_7 et_pb_team_member et_pb_bg_layout_light et_pb_module et_block_module\"><div class=\"et_pb_team_member_image et-waypoint et_pb_animation_off\"><img loading=\"lazy\" decoding=\"async\" src=\"https:\/\/moderatorclub.org\/wp-content\/uploads\/2025\/08\/Wadih-Maalouf.png\" alt=\"Wadih Maalouf\" width=\"522\" height=\"547\" srcset=\"https:\/\/moderatorclub.org\/wp-content\/uploads\/2025\/08\/Wadih-Maalouf.png 522w, https:\/\/moderatorclub.org\/wp-content\/uploads\/2025\/08\/Wadih-Maalouf-480x503.png 480w\" sizes=\"(min-width: 0px) and (max-width: 480px) 480px, (min-width: 481px) 522px, 100vw\" class=\"wp-image-3030\" \/><\/div><div class=\"et_pb_team_member_description\"><h4 class=\"et_pb_module_header\">Wadih Maalouf<\/h4><p class=\"et_pb_member_position\">Pr\u00e9sident Sortant<\/p><\/div><\/div><\/div><div class=\"et_pb_column_9 et_pb_column et_pb_column_1_3 et-last-child et_block_column et_pb_column_empty et_pb_css_mix_blend_mode_passthrough\"><\/div><\/div><div class=\"et_pb_row_4 et_pb_row et_block_row\"><div class=\"et_pb_column_10 et_pb_column et_pb_column_4_4 et-last-child et_block_column et_pb_css_mix_blend_mode_passthrough\"><div class=\"et_pb_text_1 et_pb_text et_pb_bg_layout_light et_pb_module et_block_module\"><div class=\"et_pb_text_inner\"><h3>\u00a0Description des fonctions<\/h3>\n<\/div><\/div><\/div><\/div><div class=\"et_pb_row_5 et_pb_row et_block_row\"><div class=\"et_pb_column_11 et_pb_column et_pb_column_1_2 et_block_column et_pb_css_mix_blend_mode_passthrough\"><div class=\"et_pb_toggle_0 et_pb_toggle et_pb_toggle_item et_pb_toggle_close et_pb_module et_block_module\"><h5 class=\"et_pb_toggle_title\">Le Pr\u00e9sident<\/h5><div class=\"et_pb_toggle_content clearfix\"><ul>\n<li>Est un leader :il fixe des objectifs, planifie, d\u00e9l\u00e8gue et contr\u00f4le les progr\u00e8s du club.<\/li>\n<li>Coach des officiers de l\u2019ex\u00e9cutif<\/li>\n<li>Pr\u00e9side les r\u00e9unions du Comit\u00e9 ex\u00e9cutif<\/li>\n<li>Applique le Programme du Club Remarquable<\/li>\n<li>Vote aux conf\u00e9rences annuelles - Envoie les procurations (district, r\u00e9gion et international)<\/li>\n<li>Est responsable, avec le tr\u00e9sorier, de l'envoi des cotisations semestrielles \u00e0 TI<\/li>\n<li>Enregistre les dirigeants du club chez TI<\/li>\n<\/ul>\n<\/div><\/div><div class=\"et_pb_toggle_1 et_pb_toggle et_pb_toggle_item et_pb_toggle_close et_pb_module et_block_module\"><h5 class=\"et_pb_toggle_title\">Le Vice-pr\u00e9sident \u00e0 la formation ou la Vice-pr\u00e9sidente \u00e0 la formation<\/h5><div class=\"et_pb_toggle_content clearfix\"><ul>\n<li>Pr\u00e9pare le programme \u00e9ducatif de chaque r\u00e9union<\/li>\n<li>Suit la progression et le cheminement de chaque membre<\/li>\n<li>Voit \u00e0 l'int\u00e9gration des membres et \u00e0 leur formation<\/li>\n<li>Initialise les projets du manuel des orateurs<\/li>\n<li>Encourage les membres \u00e0 participer \u00e0 d\u2019autres activit\u00e9s et programmes Toastmasters<\/li>\n<li>Organise les concours du club<\/li>\n<li>Pr\u00e9side et remplace le pr\u00e9sident en son absence<\/li>\n<li>Vote aux conf\u00e9rences (district, r\u00e9gional, international)<\/li>\n<li>Pr\u00e9side un Comit\u00e9 de formation<\/li>\n<\/ul>\n<\/div><\/div><div class=\"et_pb_toggle_2 et_pb_toggle et_pb_toggle_item et_pb_toggle_close et_pb_module et_block_module\"><h5 class=\"et_pb_toggle_title\">Le vice-pr\u00e9sident ou la vice-pr\u00e9sidente au recrutement<\/h5><div class=\"et_pb_toggle_content clearfix\"><ul>\n<li>Est responsable du recrutement de nouveaux membres<\/li>\n<li>Organise les concours et les programme de recrutement<\/li>\n<li>Accueille les invit\u00e9s et les incite \u00e0 joindre le club<\/li>\n<li>Poss\u00e8de du mat\u00e9riel pour les invit\u00e9s<\/li>\n<li>Remplit le formulaire d\u2019adh\u00e9sion 400<\/li>\n<li>Dirige la c\u00e9r\u00e9monie d\u2019admission des nouveaux membres<\/li>\n<li>Organise des sondages pour mesurer la satisfaction des membres<\/li>\n<li>Pr\u00e9side un Comit\u00e9 au recrutement<\/li>\n<\/ul>\n<\/div><\/div><div class=\"et_pb_toggle_3 et_pb_toggle et_pb_toggle_item et_pb_toggle_close et_pb_module et_block_module\"><h5 class=\"et_pb_toggle_title\">Le vice-pr\u00e9sident ou la vice-pr\u00e9sidente aux relations publiques<\/h5><div class=\"et_pb_toggle_content clearfix\"><ul>\n<li>Planifie un programme de relations publiques<\/li>\n<li>Pr\u00e9pare le mat\u00e9riel publicitaire - d\u00e9pliants, cartes, etc.<\/li>\n<li>Responsable de la mise \u00e0 jour du site Internet<\/li>\n<li>Responsable des bonnes relations \u00e0 l\u2019int\u00e9rieur et \u00e0 l\u2019ext\u00e9rieur du club<\/li>\n<li>Pr\u00e9side le Comit\u00e9 des relations publiques<\/li>\n<\/ul>\n<\/div><\/div><\/div><div class=\"et_pb_column_12 et_pb_column et_pb_column_1_2 et-last-child et_block_column et_pb_css_mix_blend_mode_passthrough\"><div class=\"et_pb_toggle_4 et_pb_toggle et_pb_toggle_item et_pb_toggle_close et_pb_module et_block_module\"><h5 class=\"et_pb_toggle_title\">Le ou la secr\u00e9taire<\/h5><div class=\"et_pb_toggle_content clearfix\"><ul>\n<li>Responsable de maintenir une liste \u00e0 jour des membres et de la prise des pr\u00e9sences aux r\u00e9unions<\/li>\n<li>S\u2019assure que les membres re\u00e7oivent la revue The Toastmaster<\/li>\n<li>Responsable de la r\u00e9daction des proc\u00e8s-verbaux des r\u00e9unions du club et de celles du Comit\u00e9 de direction<\/li>\n<li>Avise TI des changements d\u2019adresse des aux membres<\/li>\n<li>Tient la correspondance du club<\/li>\n<li>G\u00e8re les archives du club<\/li>\n<li>Travaille en \u00e9troite collaboration avec le tr\u00e9sorier pour faire les commandes et envoyer les cotisations envoy\u00e9es \u00e0 TI<\/li>\n<\/ul>\n<\/div><\/div><div class=\"et_pb_toggle_5 et_pb_toggle et_pb_toggle_item et_pb_toggle_close et_pb_module et_block_module\"><h5 class=\"et_pb_toggle_title\">Le tr\u00e9sorier ou la tr\u00e9sori\u00e8re<\/h5><div class=\"et_pb_toggle_content clearfix\"><ul>\n<li>Pr\u00e9pare le budget annuel<\/li>\n<li>Fait le changement de signataires \u00e0 la banque<\/li>\n<li>Collecte les cotisations aux membres et supervise la collecte des frais d\u2019entr\u00e9e aux r\u00e9unions<\/li>\n<li>Envoie les cotisations semestrielles \u00e0 TI et celles des nouveaux membres<\/li>\n<li>Commande le mat\u00e9riel au catalogue de TI<\/li>\n<li>Paie les factures promptement<\/li>\n<li>Produit un rapport financier \u00e9crit.<\/li>\n<\/ul>\n<\/div><\/div><div class=\"et_pb_toggle_6 et_pb_toggle et_pb_toggle_item et_pb_toggle_close et_pb_module et_block_module\"><h5 class=\"et_pb_toggle_title\">Le huissier ou la huissi\u00e8re<\/h5><div class=\"et_pb_toggle_content clearfix\"><ul>\n<li>Est responsable de l\u2019arrangements et de l\u2019\u00e9quipement de la salle de r\u00e9union<\/li>\n<li>Est responsable de l\u2019ouverture de la r\u00e9union \u00e0 l\u2019heure et de fa\u00e7on enthousiaste<\/li>\n<li>Est responsable de la collecte et de la compilation des votes<\/li>\n<li>Est responsable de l\u2019organisation de la salle lors d\u2019occasions sp\u00e9ciales<\/li>\n<li>Pr\u00e9side le Comit\u00e9 d'accueil<\/li>\n<\/ul>\n<\/div><\/div><div class=\"et_pb_toggle_7 et_pb_toggle et_pb_toggle_item et_pb_toggle_close et_pb_module et_block_module\"><h5 class=\"et_pb_toggle_title\">Le pr\u00e9sident sortant ou la pr\u00e9sidente sortante<\/h5><div class=\"et_pb_toggle_content clearfix\"><ul>\n<li>Seconde le pr\u00e9sident ou la pr\u00e9sidente en poste<\/li>\n<li>Assure le suivi du Programme du Club Remarquable<\/li>\n<li>Pr\u00e9side le Comit\u00e9 d\u2019\u00e9lection des membres de l\u2019ex\u00e9cutif<\/li>\n<\/ul>\n<\/div><\/div><\/div><\/div><\/div><div class=\"et_pb_section_1 et_pb_section et_section_regular et_block_section section_has_divider et_pb_top_divider\"><div class=\"et_pb_top_inside_divider et-no-transition\"><\/div><div class=\"et_pb_row_6 et_pb_row et_block_row\"><div class=\"et_pb_column_13 et_pb_column et_pb_column_4_4 et-last-child et_block_column et_pb_css_mix_blend_mode_passthrough\"><div class=\"et_pb_module et_pb_button_module_wrapper et_pb_button_0_wrapper preset--module--divi-button--default_wrapper\"><a class=\"et_pb_button_0 et_pb_button et_pb_bg_layout_dark et_pb_module et_block_module preset--module--divi-button--default\" href=\"https:\/\/moderatorclub.org\/fr\/\" data-icon=\"$\">Accueil<\/a><\/div><\/div><\/div><\/div>\n","protected":false},"excerpt":{"rendered":"","protected":false},"author":1,"featured_media":0,"parent":0,"menu_order":0,"comment_status":"closed","ping_status":"closed","template":"","meta":{"footnotes":""},"class_list":["post-299","page","type-page","status-publish","hentry"],"_links":{"self":[{"href":"https:\/\/moderatorclub.org\/fr\/wp-json\/wp\/v2\/pages\/299","targetHints":{"allow":["GET"]}}],"collection":[{"href":"https:\/\/moderatorclub.org\/fr\/wp-json\/wp\/v2\/pages"}],"about":[{"href":"https:\/\/moderatorclub.org\/fr\/wp-json\/wp\/v2\/types\/page"}],"author":[{"embeddable":true,"href":"https:\/\/moderatorclub.org\/fr\/wp-json\/wp\/v2\/users\/1"}],"replies":[{"embeddable":true,"href":"https:\/\/moderatorclub.org\/fr\/wp-json\/wp\/v2\/comments?post=299"}],"version-history":[{"count":25,"href":"https:\/\/moderatorclub.org\/fr\/wp-json\/wp\/v2\/pages\/299\/revisions"}],"predecessor-version":[{"id":4558,"href":"https:\/\/moderatorclub.org\/fr\/wp-json\/wp\/v2\/pages\/299\/revisions\/4558"}],"wp:attachment":[{"href":"https:\/\/moderatorclub.org\/fr\/wp-json\/wp\/v2\/media?parent=299"}],"curies":[{"name":"wp","href":"https:\/\/api.w.org\/{rel}","templated":true}]}}