{"id":300,"date":"2022-02-16T20:37:10","date_gmt":"2022-02-16T20:37:10","guid":{"rendered":"https:\/\/moderatorclub.org\/history\/"},"modified":"2026-03-21T15:36:59","modified_gmt":"2026-03-21T19:36:59","slug":"histoire-du-club","status":"publish","type":"page","link":"https:\/\/moderatorclub.org\/fr\/histoire-du-club\/","title":{"rendered":"Histoire du club"},"content":{"rendered":"\n<div class=\"et_pb_section_0 et_pb_section et_section_regular et_block_section\"><div class=\"et_pb_row_0 et_pb_row et_block_row\"><div class=\"et_pb_column_0 et_pb_column et_pb_column_4_4 et-last-child et_block_column et_pb_css_mix_blend_mode_passthrough\"><div class=\"et_pb_text_0 et_pb_text et_pb_bg_layout_light et_pb_module et_block_module\"><div class=\"et_pb_text_inner\"><h1><strong><span style=\"color: #ffffff;\">Histoire du Toastmasters Club Mod\u00e9rateur<\/span><\/strong><\/h1>\n<\/div><\/div><\/div><\/div><\/div><div class=\"et_pb_section_1 et_pb_section et_section_regular et_block_section section_has_divider et_pb_bottom_divider\"><div class=\"et_pb_row_1 et_pb_row et_block_row\"><div class=\"et_pb_column_1 et_pb_column et_pb_column_4_4 et-last-child et_block_column et_pb_css_mix_blend_mode_passthrough\"><div class=\"et_pb_text_1 et_pb_text et_pb_bg_layout_light et_pb_module et_block_module\"><div class=\"et_pb_text_inner\"><p data-start=\"60\" data-end=\"421\"><strong data-start=\"60\" data-end=\"95\">Le Club Toastmasters Mod\u00e9rateur<\/strong> a \u00e9t\u00e9 fond\u00e9 en 1979 par Lilli Janzen, avec la vision de cr\u00e9er un club diff\u00e9rent o\u00f9 chaque membre aurait la possibilit\u00e9 de briller. Inspir\u00e9 par son travail dans l\u2019industrie nucl\u00e9aire, le nom \u00ab Mod\u00e9rateur \u00bb symbolise l\u2019\u00e9nergie constructive, et depuis plus de 45 ans, notre club g\u00e9n\u00e8re enthousiasme, croissance et leadership.<\/p>\n<p data-start=\"423\" data-end=\"852\">Nos valeurs fondamentales sont <strong data-start=\"454\" data-end=\"500\">l\u2019encouragement, le plaisir et l\u2019ouverture<\/strong>. Nous cultivons le courage de progresser en nous soutenant mutuellement, nous apprenons \u00e0 travers l\u2019humour et la camaraderie, et nous accueillons chaleureusement des personnes de tous horizons. Premier club officiellement bilingue du District 61, nous menons nos r\u00e9unions en <strong data-start=\"776\" data-end=\"802\">fran\u00e7ais et en anglais<\/strong>, refl\u00e9tant la diversit\u00e9 culturelle de Montr\u00e9al.<\/p>\n<p data-start=\"854\" data-end=\"1254\">Au fil de notre histoire, nous nous sommes r\u00e9unis dans plusieurs lieux prestigieux du centre-ville, du Mount Stephen Club \u00e0 notre domicile actuel dans l\u2019\u00e9difice Scotia, offrant une vue magnifique sur le mont Royal. \u00c0 c\u00f4t\u00e9 des r\u00e9unions hebdomadaires, des traditions comme les banquets anniversaires, le pique-nique annuel au parc Jarry et les \u00ab Post-Toasties \u00bb renforcent notre esprit communautaire.<\/p>\n<p data-start=\"1256\" data-end=\"1536\">Le Club Mod\u00e9rateur demeure un lieu o\u00f9 chacun peut d\u00e9velopper ses comp\u00e9tences oratoires, recevoir des \u00e9valuations constructives et explorer des r\u00f4les de leadership. Venez nous rejoindre un mardi soir et d\u00e9couvrez l\u2019<strong data-start=\"1470\" data-end=\"1490\">esprit Mod Squad <\/strong>qui fait notre force depuis des d\u00e9cennies !<\/p>\n<p data-start=\"1256\" data-end=\"1536\"><span>En savoir plus sur <a href=\"https:\/\/moderatorclub.org\/fr\/2025\/lhistoire-du-toastmasters-club-moderateur\/\">l\u2019histoire du Moderator Toastmasters Club.<\/a><\/span><\/p>\n<p data-start=\"1256\" data-end=\"1536\">\n<\/div><\/div><div class=\"et_pb_video_0 et_pb_video et_pb_module et_block_module\"><div class=\"et_pb_video_box\"><iframe loading=\"lazy\" title=\"Mod Squad Spoof with Louis-Simon and closing credits 2\" width=\"1080\" height=\"608\" src=\"https:\/\/www.youtube.com\/embed\/QmpNWpYAA7c?feature=oembed\"  allow=\"accelerometer; autoplay; clipboard-write; encrypted-media; gyroscope; picture-in-picture; web-share\" referrerpolicy=\"strict-origin-when-cross-origin\" allowfullscreen><\/iframe><\/div><\/div><div class=\"et_pb_text_2 et_pb_text et_pb_bg_layout_light et_pb_module et_block_module\"><div class=\"et_pb_text_inner\"><h3>Les anciens pr\u00e9sidents<\/h3>\n<\/div><\/div><\/div><\/div><div class=\"et_pb_row_2 et_pb_row et_pb_row_5col et_block_row et_block_row_5col\"><div class=\"et_pb_column_2 et_pb_column et_pb_column_1_5 et_block_column et_pb_css_mix_blend_mode_passthrough\"><div class=\"et_pb_text_3 et_pb_text et_pb_bg_layout_light et_pb_module et_block_module\"><div class=\"et_pb_text_inner\"><h3>70 &amp; 80<\/h3>\n<p><strong>1979 &amp; 1980<\/strong><br \/>Lilli Janzen<\/p>\n<p><strong>1981<\/strong><br \/>Will Taylor<\/p>\n<p><strong>1982<\/strong><br \/>Brian Perron<\/p>\n<p><strong>1983<\/strong><br \/>Gisela Hess<\/p>\n<p><strong>1984<\/strong><br \/>Doug Sullivan<\/p>\n<p><strong>1985<\/strong><br \/>Dick Yoshioka<br \/>Tom Neumann<\/p>\n<p><strong>1986<\/strong><br \/>Zillous Byer<\/p>\n<p><strong>1986-1987<\/strong><br \/>Brian King<\/p>\n<p><strong>1987<\/strong><br \/>Michel Foisy<\/p>\n<p><strong>1988<\/strong><br \/>Erik Peters<\/p>\n<p><strong>1989<\/strong><br \/>Michel Foisy<\/p>\n<\/div><\/div><\/div><div class=\"et_pb_column_3 et_pb_column et_pb_column_1_5 et_block_column et_pb_css_mix_blend_mode_passthrough\"><div class=\"et_pb_text_4 et_pb_text et_pb_bg_layout_light et_pb_module et_block_module\"><div class=\"et_pb_text_inner\"><h3>90<\/h3>\n<p><strong>1990<\/strong><br \/>Barbara Wagner<\/p>\n<p><strong>1991<\/strong><br \/>Ron Grimes<\/p>\n<p><strong>1992-1993<\/strong><br \/>Brian Saykaly<\/p>\n<p><strong>1993-1994<\/strong><br \/>George Soltys<\/p>\n<p><strong>1994-1995<\/strong><br \/>Michael Hinton<\/p>\n<p><strong>1995-1996<\/strong><br \/>Leona Hamel<\/p>\n<p><strong>1996-1997<\/strong><br \/>Nicolas Waldteufel<\/p>\n<p><strong>1997-1998<\/strong><br \/>Nathalie Ouimet<\/p>\n<p><strong>1998-1999<\/strong><br \/>Henriel Tremblay<\/p>\n<\/div><\/div><\/div><div class=\"et_pb_column_4 et_pb_column et_pb_column_1_5 et_block_column et_pb_css_mix_blend_mode_passthrough\"><div class=\"et_pb_text_5 et_pb_text et_pb_bg_layout_light et_pb_module et_block_module\"><div class=\"et_pb_text_inner\"><h3>2000<\/h3>\n<p><strong>1999-2000<\/strong><br \/>Mario Morin<\/p>\n<p><strong>2000-2001<\/strong><br \/>Brian Saykaly<\/p>\n<p><strong>2001-2002<\/strong><br \/>Jean-Pierre Kiekens<\/p>\n<p><strong>2002-2003<\/strong><br \/>Louise Veronique Sicotte<\/p>\n<p><strong>2003-2004<\/strong><br \/>Nicolas Waldteufel<\/p>\n<p><strong>2004-2005<\/strong><br \/>Alain Morrier<\/p>\n<p><strong>2005-2006<\/strong><br \/>Francine Dub\u00e9<\/p>\n<p><strong>2006-2007<\/strong><br \/>Fran\u00e7ois Bordeleau<\/p>\n<p><strong>2007-2008<\/strong><br \/>Brian Saykaly<\/p>\n<p><strong>2008-2009<\/strong><br \/>James Burdick<\/p>\n<\/div><\/div><\/div><div class=\"et_pb_column_5 et_pb_column et_pb_column_1_5 et_block_column et_pb_css_mix_blend_mode_passthrough\"><div class=\"et_pb_text_6 et_pb_text et_pb_bg_layout_light et_pb_module et_block_module\"><div class=\"et_pb_text_inner\"><h3>2010<\/h3>\n<p><strong>2009-2010<\/strong><br \/>Charles Brassard<\/p>\n<p><strong>2010-2011<br \/><\/strong>Sydney Roc<\/p>\n<p><strong>2011-2012<\/strong><br \/>Ruth F\u00e9nelon<\/p>\n<p><strong>2012-2013<\/strong><br \/>Lucien Koty<\/p>\n<p><strong>2013-2014<\/strong><br \/>Emmanuel Kiyanda<\/p>\n<p><strong>2014-2015<\/strong><br \/>Michel Dubois<\/p>\n<p><strong>2015-2016<\/strong><br \/>Richard Dallala<\/p>\n<p><strong>2016-2017<\/strong><br \/>Laura Carfagnini<\/p>\n<p><strong>2017-2018<\/strong><br \/>Donclarte Dontisi<\/p>\n<p><strong>2019-2019<\/strong><br \/>Phil Torre<\/p>\n<p><strong>2019-2020<\/strong><br \/>John Torre<\/p>\n<\/div><\/div><\/div><div class=\"et_pb_column_6 et_pb_column et_pb_column_1_5 et-last-child et_block_column et_pb_css_mix_blend_mode_passthrough\"><div class=\"et_pb_text_7 et_pb_text et_pb_bg_layout_light et_pb_module et_block_module\"><div class=\"et_pb_text_inner\"><h3>2020<\/h3>\n<p><strong>2019-2020<\/strong><br \/>John Torre<\/p>\n<p><strong>2020-2021<\/strong><br \/>Dan Glikstein<\/p>\n<p><strong>2021-2022<\/strong><br \/>Kerry Schacter<\/p>\n<p><strong>2022-2023<br \/><\/strong>Jean Sauv\u00e9<\/p>\n<p><strong>2023<br \/><\/strong>Eric Chiniara<\/p>\n<p><strong>2024<\/strong><br \/>John Torre<\/p>\n<p><strong>2024-2025<\/strong><br \/>Wadih Maalouf<\/p>\n<p><strong>2025-2026<\/strong><br \/>Ken Shoujun An<\/p>\n<p>&nbsp;<\/p>\n<\/div><\/div><\/div><\/div><div class=\"et_pb_bottom_inside_divider et-no-transition\"><\/div><\/div><div class=\"et_pb_section_2 et_pb_section et_section_regular et_block_section section_has_divider et_pb_top_divider\"><div class=\"et_pb_top_inside_divider et-no-transition\"><\/div><div class=\"et_pb_row_3 et_pb_row et_block_row\"><div class=\"et_pb_column_7 et_pb_column et_pb_column_4_4 et-last-child et_block_column et_pb_css_mix_blend_mode_passthrough\"><div class=\"et_pb_module et_pb_button_module_wrapper et_pb_button_0_wrapper preset--module--divi-button--default_wrapper\"><a class=\"et_pb_button_0 et_pb_button et_pb_bg_layout_dark et_pb_module et_block_module preset--module--divi-button--default\" href=\"https:\/\/moderatorclub.org\/fr\/\" data-icon=\"$\">Accueil<\/a><\/div><\/div><\/div><\/div>\n","protected":false},"excerpt":{"rendered":"","protected":false},"author":1,"featured_media":0,"parent":0,"menu_order":0,"comment_status":"closed","ping_status":"closed","template":"","meta":{"footnotes":""},"class_list":["post-300","page","type-page","status-publish","hentry"],"_links":{"self":[{"href":"https:\/\/moderatorclub.org\/fr\/wp-json\/wp\/v2\/pages\/300","targetHints":{"allow":["GET"]}}],"collection":[{"href":"https:\/\/moderatorclub.org\/fr\/wp-json\/wp\/v2\/pages"}],"about":[{"href":"https:\/\/moderatorclub.org\/fr\/wp-json\/wp\/v2\/types\/page"}],"author":[{"embeddable":true,"href":"https:\/\/moderatorclub.org\/fr\/wp-json\/wp\/v2\/users\/1"}],"replies":[{"embeddable":true,"href":"https:\/\/moderatorclub.org\/fr\/wp-json\/wp\/v2\/comments?post=300"}],"version-history":[{"count":30,"href":"https:\/\/moderatorclub.org\/fr\/wp-json\/wp\/v2\/pages\/300\/revisions"}],"predecessor-version":[{"id":4562,"href":"https:\/\/moderatorclub.org\/fr\/wp-json\/wp\/v2\/pages\/300\/revisions\/4562"}],"wp:attachment":[{"href":"https:\/\/moderatorclub.org\/fr\/wp-json\/wp\/v2\/media?parent=300"}],"curies":[{"name":"wp","href":"https:\/\/api.w.org\/{rel}","templated":true}]}}