{"id":3226,"date":"2025-09-07T17:05:36","date_gmt":"2025-09-07T21:05:36","guid":{"rendered":"https:\/\/moderatorclub.org\/?page_id=3226"},"modified":"2026-03-21T15:41:58","modified_gmt":"2026-03-21T19:41:58","slug":"faq","status":"publish","type":"page","link":"https:\/\/moderatorclub.org\/fr\/faq\/","title":{"rendered":"FAQ"},"content":{"rendered":"\n<div class=\"et_pb_section_0 et_pb_section et_section_regular et_block_section\"><div class=\"et_pb_row_0 et_pb_row et_block_row\"><div class=\"et_pb_column_0 et_pb_column et_pb_column_4_4 et-last-child et_block_column et_pb_css_mix_blend_mode_passthrough\"><div class=\"et_pb_heading_0 et_pb_heading et_pb_module et_block_module\"><div class=\"et_pb_heading_container\"><h1 class=\"et_pb_module_header\">Questions fr\u00e9quentes | Club Toastmasters Mod\u00e9rateur Montr\u00e9al<\/h1><\/div><\/div><\/div><\/div><div class=\"et_pb_row_1 et_pb_row et_block_row\"><div class=\"et_pb_column_1 et_pb_column et_pb_column_4_4 et-last-child et_block_column et_pb_css_mix_blend_mode_passthrough\"><div class=\"et_pb_accordion_0 et_pb_accordion et_pb_module et_block_module\"><div class=\"et_pb_accordion_item_0 et_pb_accordion_item et_pb_toggle et_pb_module et_pb_toggle_open et_block_module\"><h5 class=\"et_pb_toggle_title\">Comment puis-je devenir membre du Club Mod\u00e9rateur ?<\/h5><div class=\"et_pb_toggle_content\"><p><span>Vous \u00eates les bienvenus \u00e0 nos r\u00e9unions du mardi soir en tant qu\u2019invit\u00e9. Apr\u00e8s quelques visites, vous pouvez faire une demande d\u2019adh\u00e9sion aupr\u00e8s de notre VP Adh\u00e9sion.<\/span><\/p>\n<\/div><\/div><div class=\"et_pb_accordion_item_1 et_pb_accordion_item et_pb_toggle et_pb_module et_pb_toggle_close et_block_module\"><h5 class=\"et_pb_toggle_title\">Dois-je parler fran\u00e7ais et anglais pour participer ?<\/h5><div class=\"et_pb_toggle_content\"><p><span>Pas du tout ! Notre club est officiellement bilingue, mais vous \u00eates libre de vous exprimer en anglais ou en fran\u00e7ais lors de chaque r\u00e9union.<\/span><\/p>\n<\/div><\/div><div class=\"et_pb_accordion_item_2 et_pb_accordion_item et_pb_toggle et_pb_module et_pb_toggle_close et_block_module\"><h5 class=\"et_pb_toggle_title\">Quels sont les frais d\u2019adh\u00e9sion ?<\/h5><div class=\"et_pb_toggle_content\"><p><span>Les frais d\u2019adh\u00e9sion sont fix\u00e9s par Toastmasters International avec un petit suppl\u00e9ment pour le club. Pour 2025\u20132026, ils sont de <\/span><strong data-start=\"1388\" data-end=\"1410\">262 $ pour 12 mois<\/strong><span> ou <\/span><strong data-start=\"1414\" data-end=\"1435\">139 $ pour 6 mois<\/strong><span>, plus des frais uniques de 39 $ pour les nouveaux membres.<\/span><\/p>\n<\/div><\/div><div class=\"et_pb_accordion_item_3 et_pb_accordion_item et_pb_toggle et_pb_module et_pb_toggle_close et_block_module\"><h5 class=\"et_pb_toggle_title\">O\u00f9 et quand avez-vous vos r\u00e9unions ?<\/h5><div class=\"et_pb_toggle_content\"><p><span>Nous nous r\u00e9unissons tous les mardis soir \u00e0 18h30 dans l\u2019\u00e9difice Scotia (Sherbrooke Ouest &amp; Metcalfe) au centre-ville de Montr\u00e9al, avec une magnifique vue sur le mont Royal.<\/span><\/p>\n<\/div><\/div><div class=\"et_pb_accordion_item_4 et_pb_accordion_item et_pb_toggle et_pb_module et_pb_toggle_close et_block_module\"><h5 class=\"et_pb_toggle_title\">Que se passe-t-il lors d\u2019une r\u00e9union typique ?<\/h5><div class=\"et_pb_toggle_content\"><p><span>Chaque r\u00e9union comprend de courtes allocutions improvis\u00e9es, des discours pr\u00e9par\u00e9s et des \u00e9valuations constructives. Les membres peuvent pratiquer l\u2019art oratoire et le leadership dans un cadre bienveillant.<\/span><\/p>\n<\/div><\/div><div class=\"et_pb_accordion_item_5 et_pb_accordion_item et_pb_toggle et_pb_module et_pb_toggle_close et_block_module\"><h5 class=\"et_pb_toggle_title\">Puis-je visiter avant de d\u00e9cider d\u2019adh\u00e9rer ?<\/h5><div class=\"et_pb_toggle_content\"><p><span>Absolument ! Les invit\u00e9s sont toujours les bienvenus gratuitement. C\u2019est la meilleure fa\u00e7on de d\u00e9couvrir l\u2019ambiance du club et de voir comment Toastmasters peut vous aider.<\/span><\/p>\n<\/div><\/div><div class=\"et_pb_accordion_item_6 et_pb_accordion_item et_pb_toggle et_pb_module et_pb_toggle_close et_block_module\"><h5 class=\"et_pb_toggle_title\">Pourquoi choisir Toastmasters Club Mod\u00e9rateur ?<\/h5><div class=\"et_pb_toggle_content\"><p data-start=\"734\" data-end=\"913\">Le Toastmasters Club Moderateur est le premier club bilingue de Montr\u00e9al, situ\u00e9 au c\u0153ur du centre-ville pr\u00e8s de la station de m\u00e9tro Peel. Notre club offre :<\/p>\n<ul data-start=\"914\" data-end=\"1272\">\n<li data-start=\"914\" data-end=\"1002\">\n<p data-start=\"916\" data-end=\"1002\">Un <strong data-start=\"919\" data-end=\"945\">environnement bilingue<\/strong> (anglais et fran\u00e7ais) pour pratiquer les deux langues.<\/p>\n<\/li>\n<li data-start=\"1003\" data-end=\"1096\">\n<p data-start=\"1005\" data-end=\"1096\">Une <strong data-start=\"1009\" data-end=\"1037\">communaut\u00e9 bienveillante<\/strong> qui vous aide \u00e0 gagner en confiance et en communication.<\/p>\n<\/li>\n<li data-start=\"1097\" data-end=\"1174\">\n<p data-start=\"1099\" data-end=\"1174\">Un <strong data-start=\"1102\" data-end=\"1125\">emplacement central<\/strong> facile d\u2019acc\u00e8s apr\u00e8s le travail ou les \u00e9tudes.<\/p>\n<\/li>\n<li data-start=\"1175\" data-end=\"1272\">\n<p data-start=\"1177\" data-end=\"1272\">Une <strong data-start=\"1181\" data-end=\"1206\">atmosph\u00e8re conviviale<\/strong> pour \u00e9largir votre r\u00e9seau professionnel et vous faire des amis.<\/p>\n<\/li>\n<\/ul>\n<\/div><\/div><div class=\"et_pb_accordion_item_7 et_pb_accordion_item et_pb_toggle et_pb_module et_pb_toggle_close et_block_module\"><h5 class=\"et_pb_toggle_title\">Les enfants peuvent-ils rejoindre Moderator Toastmasters ?<\/h5><div class=\"et_pb_toggle_content\"><p><span>Non. Selon les directives de Toastmasters International, l\u2019adh\u00e9sion est r\u00e9serv\u00e9e aux adultes \u00e2g\u00e9s d\u2019au moins 18 ans. Les enfants et adolescents ne peuvent pas devenir membres, mais les jeunes peuvent participer au Programme de leadership pour les jeunes s\u2019ils souhaitent d\u00e9couvrir la prise de parole en public plus t\u00f4t.<\/span><\/p>\n<\/div><\/div><div class=\"et_pb_accordion_item_8 et_pb_accordion_item et_pb_toggle et_pb_module et_pb_toggle_close et_block_module\"><h5 class=\"et_pb_toggle_title\">Qu\u2019est-ce que je peux obtenir du club Moderator Toastmasters ?<\/h5><div class=\"et_pb_toggle_content\"><p><span>Vous trouverez un espace s\u00e9curitaire pour pratiquer ce que vous voulez. Vous gagnerez en confiance dans la prise de parole en public, d\u00e9velopperez vos comp\u00e9tences en leadership en apprenant \u00e0 g\u00e9rer des projets et, bien s\u00fbr, vous am\u00e9liorerez vos habilet\u00e9s en communication. De plus, Moderateur est aussi une communaut\u00e9 chaleureuse pour \u00e9largir votre r\u00e9seau et cr\u00e9er des amiti\u00e9s.<\/span><\/p>\n<\/div><\/div><div class=\"et_pb_accordion_item_9 et_pb_accordion_item et_pb_toggle et_pb_module et_pb_toggle_close et_block_module\"><h5 class=\"et_pb_toggle_title\">Dois-je suivre un cours avant de rejoindre le club ?<\/h5><div class=\"et_pb_toggle_content\"><p><span>Non. Vous n\u2019avez pas besoin de suivre un cours avant de vous inscrire. Le club Moderator Toastmasters est ouvert \u00e0 tous, peu importe l\u2019exp\u00e9rience pr\u00e9alable. Une fois membre, vous aurez acc\u00e8s au programme Pathways de Toastmasters, qui vous guide \u00e9tape par \u00e9tape pour d\u00e9velopper vos comp\u00e9tences en communication et en leadership. Vous pouvez commencer \u00e0 apprendre imm\u00e9diatement, \u00e0 votre propre rythme. <\/span><\/p>\n<\/div><\/div><div class=\"et_pb_accordion_item_10 et_pb_accordion_item et_pb_toggle et_pb_module et_pb_toggle_close et_block_module\"><h5 class=\"et_pb_toggle_title\">Qu\u2019est-ce que Pathways ?<\/h5><div class=\"et_pb_toggle_content\"><p><span>Pathways est le programme \u00e9ducatif officiel de Toastmasters International. Il propose un syst\u00e8me d\u2019apprentissage flexible et progressif qui vous aide \u00e0 d\u00e9velopper des comp\u00e9tences pratiques en prise de parole, en communication et en leadership. Vous pouvez choisir parmi <strong>6<\/strong><\/span><strong data-start=\"799\" data-end=\"826\">\u00a0parcours sp\u00e9cialis\u00e9s<\/strong><span>, tels que Ma\u00eetrise des pr\u00e9sentations, D\u00e9veloppement du leadership ou Coaching efficace, selon vos objectifs personnels et professionnels.<\/span><\/p>\n<\/div><\/div><\/div><\/div><\/div><\/div>\n","protected":false},"excerpt":{"rendered":"","protected":false},"author":5,"featured_media":0,"parent":0,"menu_order":0,"comment_status":"closed","ping_status":"closed","template":"","meta":{"footnotes":""},"class_list":["post-3226","page","type-page","status-publish","hentry"],"_links":{"self":[{"href":"https:\/\/moderatorclub.org\/fr\/wp-json\/wp\/v2\/pages\/3226","targetHints":{"allow":["GET"]}}],"collection":[{"href":"https:\/\/moderatorclub.org\/fr\/wp-json\/wp\/v2\/pages"}],"about":[{"href":"https:\/\/moderatorclub.org\/fr\/wp-json\/wp\/v2\/types\/page"}],"author":[{"embeddable":true,"href":"https:\/\/moderatorclub.org\/fr\/wp-json\/wp\/v2\/users\/5"}],"replies":[{"embeddable":true,"href":"https:\/\/moderatorclub.org\/fr\/wp-json\/wp\/v2\/comments?post=3226"}],"version-history":[{"count":6,"href":"https:\/\/moderatorclub.org\/fr\/wp-json\/wp\/v2\/pages\/3226\/revisions"}],"predecessor-version":[{"id":4582,"href":"https:\/\/moderatorclub.org\/fr\/wp-json\/wp\/v2\/pages\/3226\/revisions\/4582"}],"wp:attachment":[{"href":"https:\/\/moderatorclub.org\/fr\/wp-json\/wp\/v2\/media?parent=3226"}],"curies":[{"name":"wp","href":"https:\/\/api.w.org\/{rel}","templated":true}]}}