{"id":3467,"date":"2025-10-09T17:26:41","date_gmt":"2025-10-09T21:26:41","guid":{"rendered":"https:\/\/moderatorclub.org\/?page_id=3467"},"modified":"2026-04-01T14:16:43","modified_gmt":"2026-04-01T18:16:43","slug":"public-speaking-leadership","status":"publish","type":"page","link":"https:\/\/moderatorclub.org\/fr\/public-speaking-leadership\/","title":{"rendered":"Prise parole en public et leadership"},"content":{"rendered":"<div class=\"et_pb_section_0 et_pb_section et_section_regular et_block_section\">\n<div class=\"et_pb_row_0 et_pb_row et_block_row\">\n<div class=\"et_pb_column_0 et_pb_column et_pb_column_4_4 et-last-child et_block_column et_pb_css_mix_blend_mode_passthrough\">\n<div class=\"et_pb_text_0 et_pb_text et_pb_bg_layout_dark et_pb_module et_block_module\"><div class=\"et_pb_text_inner\"><h1 style=\"font-weight: 400;\"><strong>D\u00e9veloppez vos comp\u00e9tences en prise de parole en public et en leadership<\/strong><\/h1>\n<p data-start=\"126\" data-end=\"255\">Nous nous concentrons sur deux comp\u00e9tences professionnelles essentielles : <strong data-start=\"201\" data-end=\"233\">la prise de parole en public<\/strong> et <strong data-start=\"237\" data-end=\"254\">le leadership<\/strong>.<\/p>\n<p data-start=\"257\" data-end=\"351\">Nos r\u00e9unions sont structur\u00e9es, pratiques et ax\u00e9es sur des situations de communication r\u00e9elles.<\/p>\n<\/div><\/div>\n\n<div class=\"et_pb_text_1 et_pb_text et_pb_bg_layout_light et_pb_module et_block_module\"><\/div>\n<\/div>\n<\/div>\n<\/div>\n\n<div class=\"et_pb_section_1 et_pb_section et_section_regular et_block_section\">\n<div class=\"et_pb_row_1 et_pb_row et_block_row\">\n<div class=\"et_pb_column_1 et_pb_column et_pb_column_1_2 et_block_column et_pb_css_mix_blend_mode_passthrough\">\n<div class=\"et_pb_icon_0 et_pb_icon et_pb_module et_block_module\"><span class=\"et_pb_icon_wrap\"><span class=\"et-pb-icon\">\ue066<\/span><\/span><\/div>\n\n<div class=\"et_pb_text_2 et_pb_text et_pb_bg_layout_light et_pb_module et_block_module\"><div class=\"et_pb_text_inner\"><h2><span>Prise de parole en public<\/span><\/h2>\n<\/div><\/div>\n\n<div class=\"et_pb_text_3 et_pb_text et_pb_bg_layout_light et_pb_module et_block_module\"><div class=\"et_pb_text_inner\"><div><strong data-start=\"49\" data-end=\"188\">D\u00e9veloppez votre capacit\u00e9 \u00e0 exprimer vos id\u00e9es clairement et avec confiance dans des contextes professionnels et de la vie quotidienne.<\/strong><br data-start=\"188\" data-end=\"191\" \/><span>La formation en prise de parole en public met l\u2019accent sur <\/span><strong data-start=\"250\" data-end=\"320\">la clart\u00e9, la structure, la confiance et la communication bilingue<\/strong><span>, afin de vous aider \u00e0 communiquer plus efficacement lors de r\u00e9unions, de pr\u00e9sentations et de discussions.<\/span><\/div>\n<\/div><\/div>\n\n<div class=\"et_pb_module et_pb_button_module_wrapper et_pb_button_0_wrapper preset--module--divi-button--default_wrapper\"><a class=\"et_pb_button_0 et_pb_button et_pb_bg_layout_dark et_pb_module et_block_module preset--module--divi-button--default\" href=\"https:\/\/moderatorclub.org\/fr\/public-speaking-montreal\/\" data-icon=\"$\">Explorer public speaking<\/a><\/div>\n<\/div>\n\n<div class=\"et_pb_column_2 et_pb_column et_pb_column_1_2 et-last-child et_block_column et_pb_css_mix_blend_mode_passthrough\">\n<div class=\"et_pb_icon_1 et_pb_icon et_pb_module et_block_module\"><span class=\"et_pb_icon_wrap\"><span class=\"et-pb-icon\">\uf0b1<\/span><\/span><\/div>\n\n<div class=\"et_pb_text_4 et_pb_text et_pb_bg_layout_light et_pb_module et_block_module\"><div class=\"et_pb_text_inner\"><h2><span>Comp\u00e9tences en leadership<\/span><\/h2>\n<\/div><\/div>\n\n<div class=\"et_pb_text_5 et_pb_text et_pb_bg_layout_light et_pb_module et_block_module\"><div class=\"et_pb_text_inner\"><p style=\"font-weight: 400;\"><strong data-start=\"476\" data-end=\"615\">D\u00e9veloppez vos comp\u00e9tences en leadership gr\u00e2ce \u00e0 de vraies responsabilit\u00e9s et une participation active, et non uniquement \u00e0 la th\u00e9orie.<\/strong><br data-start=\"615\" data-end=\"618\" \/><span>La formation en leadership se concentre sur <\/span><strong data-start=\"662\" data-end=\"743\">l\u2019animation, la prise de d\u00e9cision, le sens des responsabilit\u00e9s et le feedback<\/strong><span>, afin de vous pr\u00e9parer \u00e0 diriger des r\u00e9unions, des \u00e9quipes et des initiatives professionnelles.<\/span><\/p>\n<ul><\/ul>\n<\/div><\/div>\n\n<div class=\"et_pb_module et_pb_button_module_wrapper et_pb_button_1_wrapper preset--module--divi-button--default_wrapper\"><a class=\"et_pb_button_1 et_pb_button et_pb_bg_layout_dark et_pb_module et_block_module preset--module--divi-button--default\" href=\"https:\/\/moderatorclub.org\/fr\/leadership-montreal\/\" data-icon=\"$\">Explorer le leadership<\/a><\/div>\n<\/div>\n<\/div>\n<\/div>\n\n<div class=\"et_pb_section_2 et_pb_section et_section_regular et_block_section\">\n<div class=\"et_pb_row_2 et_pb_row et_block_row\">\n<div class=\"et_pb_column_3 et_pb_column et_pb_column_4_4 et-last-child et_block_column et_pb_css_mix_blend_mode_passthrough\">\n<div class=\"et_pb_text_6 et_pb_text et_pb_bg_layout_light et_pb_module et_block_module\"><div class=\"et_pb_text_inner\"><p style=\"font-weight: 400; text-align: center;\"><strong data-start=\"51\" data-end=\"91\">Vous ne savez pas par o\u00f9 commencer ?<\/strong><br data-start=\"91\" data-end=\"94\" \/><strong data-start=\"94\" data-end=\"153\">Assistez \u00e0 une r\u00e9union et d\u00e9couvrez les deux en action.<\/strong><\/p>\n<\/div><\/div>\n\n<div class=\"et_pb_module et_pb_button_module_wrapper et_pb_button_2_wrapper preset--module--divi-button--default_wrapper\"><a class=\"et_pb_button_2 et_pb_button et_pb_bg_layout_dark et_pb_module et_block_module preset--module--divi-button--default\" href=\"https:\/\/moderatorclub.org\/fr\/visit-a-meeting\/\" data-icon=\"$\">Assistez \u00e0 une r\u00e9union<\/a><\/div>\n\n<div class=\"et_pb_image_0 et_pb_image et_pb_module et_block_module\"><span class=\"et_pb_image_wrap\"><img decoding=\"async\" src=\"https:\/\/moderatorclub.org\/wp-content\/uploads\/2025\/07\/89d44199-b434-4212-b2a4-a0eed2417c00.jpg\" class=\"wp-image-2953\" title=\"What you can learn\" alt=\"What you can learn from Moderator Club in Montreal\" \/><\/span><\/div>\n<\/div>\n<\/div>\n<\/div>","protected":false},"excerpt":{"rendered":"","protected":false},"author":5,"featured_media":0,"parent":0,"menu_order":0,"comment_status":"closed","ping_status":"closed","template":"","meta":{"footnotes":""},"class_list":["post-3467","page","type-page","status-publish","hentry"],"_links":{"self":[{"href":"https:\/\/moderatorclub.org\/fr\/wp-json\/wp\/v2\/pages\/3467","targetHints":{"allow":["GET"]}}],"collection":[{"href":"https:\/\/moderatorclub.org\/fr\/wp-json\/wp\/v2\/pages"}],"about":[{"href":"https:\/\/moderatorclub.org\/fr\/wp-json\/wp\/v2\/types\/page"}],"author":[{"embeddable":true,"href":"https:\/\/moderatorclub.org\/fr\/wp-json\/wp\/v2\/users\/5"}],"replies":[{"embeddable":true,"href":"https:\/\/moderatorclub.org\/fr\/wp-json\/wp\/v2\/comments?post=3467"}],"version-history":[{"count":17,"href":"https:\/\/moderatorclub.org\/fr\/wp-json\/wp\/v2\/pages\/3467\/revisions"}],"predecessor-version":[{"id":4707,"href":"https:\/\/moderatorclub.org\/fr\/wp-json\/wp\/v2\/pages\/3467\/revisions\/4707"}],"wp:attachment":[{"href":"https:\/\/moderatorclub.org\/fr\/wp-json\/wp\/v2\/media?parent=3467"}],"curies":[{"name":"wp","href":"https:\/\/api.w.org\/{rel}","templated":true}]}}