{"id":4123,"date":"2026-02-04T21:15:07","date_gmt":"2026-02-05T02:15:07","guid":{"rendered":"https:\/\/moderatorclub.org\/?page_id=4123"},"modified":"2026-03-28T07:31:05","modified_gmt":"2026-03-28T11:31:05","slug":"visit-a-meeting","status":"publish","type":"page","link":"https:\/\/moderatorclub.org\/fr\/visit-a-meeting\/","title":{"rendered":"Assistez \u00e0 une r\u00e9union"},"content":{"rendered":"<div class=\"et_pb_section_0 et_pb_section et_section_regular et_block_section\">\n<div class=\"et_pb_row_0 et_pb_row et_block_row\">\n<div class=\"et_pb_column_0 et_pb_column et_pb_column_4_4 et-last-child et_block_column et_pb_css_mix_blend_mode_passthrough\">\n<div class=\"et_pb_text_0 et_pb_text et_pb_bg_layout_light et_pb_module et_block_module\"><div class=\"et_pb_text_inner\"><h1 style=\"text-align: center;\"><strong data-start=\"185\" data-end=\"220\">Pr\u00eat \u00e0 gagner en confiance ?<\/strong><br data-start=\"220\" data-end=\"223\" \/><strong data-start=\"223\" data-end=\"276\">Participez \u00e0 notre prochaine r\u00e9union \u00e0 Montr\u00e9al !<\/strong><\/h1>\n<p><span>Au Toastmasters Club Mod\u00e9rator de Montr\u00e9al, nous mettons l\u2019accent sur deux comp\u00e9tences essentielles \u00e0 la r\u00e9ussite professionnelle :<strong> la prise de parole en public et le leadership.<\/strong><\/span><br \/><span>Quel que soit votre domaine d\u2019activit\u00e9, votre capacit\u00e9 \u00e0 communiquer clairement vos id\u00e9es et \u00e0 influencer les autres avec assurance d\u00e9termine votre impact.<\/span><br \/><span>Vous trouverez ici un environnement bilingue, bienveillant et stimulant, o\u00f9 vous pourrez d\u00e9velopper ces comp\u00e9tences \u00e9tape par \u00e9tape : apprendre par la pratique, progresser gr\u00e2ce aux \u00e9valuations et \u00e9voluer au sein d\u2019une communaut\u00e9 engag\u00e9e. <a href=\"https:\/\/moderatorclub.org\/fr\/art-oratoire-leadership\/\">En savoir plus<\/a><\/span><\/p>\n<\/div><\/div>\n<\/div>\n<\/div>\n\n<div class=\"et_pb_row_1 et_pb_row et_block_row\">\n<div class=\"et_pb_column_1 et_pb_column et_pb_column_1_2 et_block_column et_pb_css_mix_blend_mode_passthrough\">\n<div class=\"et_pb_contact_form_0 et_pb_contact_form_container et_pb_text_align_left clearfix et_pb_module et_flex_module divi_contact_form_helper_0\" data-form_unique_num=\"0\" data-form_unique_id=\"1fb017c2-5d36-4bc1-9cae-68b50ed8f377\" id=\"et_pb_contact_form_1fb017c2-5d36-4bc1-9cae-68b50ed8f377\" data-form-config='{\"required_fields_text\":\"Please fill in the following fields:\",\"field_error_text\":\"Please fix the following errors:\",\"invalid_email_text\":\"Please enter a valid email address.\",\"required_captcha_text\":\"Please complete the CAPTCHA.\",\"wrong_captcha_text\":\"There was a problem with the captcha verification.\",\"contactFormId\":\"1fb017c2-5d36-4bc1-9cae-68b50ed8f377\"}'><span class=\"et_pb_contact_spinner\"><\/span><div class=\"et-pb-contact-message\"><\/div><div class=\"et_pb_contact\"><form class=\"et_pb_contact_form et_flex_module\" method=\"post\" action=\"https:\/\/moderatorclub.org\/fr\/wp-json\/wp\/v2\/pages\/4123\">\n<div class=\"et_pb_contact_field_0 et_pb_contact_field et_pb_module et_flex_module et_flex_column_12_24 et_flex_column_12_24_tablet et_flex_column_12_24_phone\" data-id=\"name\" data-type=\"input\"><label class=\"et_pb_contact_form_label\" for=\"et_pb_contact_0_name_0\">Nom<\/label><input type=\"text\" name=\"et_pb_contact_0_name_0\" id=\"et_pb_contact_0_name_0\" class=\"input\" data-required_mark=\"required\" data-field_type=\"input\" data-original_id=\"name\" placeholder=\"Nom *\" title=\"\" value=\"\" aria-required=\"true\"><\/div>\n\n\n<div class=\"et_pb_contact_field_1 et_pb_contact_field et_pb_module et_flex_module et_flex_column_12_24 et_flex_column_12_24_tablet et_flex_column_12_24_phone\" data-id=\"email\" data-type=\"email\"><label class=\"et_pb_contact_form_label\" for=\"et_pb_contact_0_email_1\">Adresse courriel<\/label><input type=\"text\" name=\"et_pb_contact_0_email_1\" id=\"et_pb_contact_0_email_1\" class=\"input\" data-required_mark=\"required\" data-field_type=\"email\" data-original_id=\"email\" placeholder=\"Adresse courriel *\" title=\"\" value=\"\" aria-required=\"true\"><\/div>\n\n\n<div class=\"et_pb_contact_field_2 et_pb_contact_field et_pb_module et_flex_module et_flex_column_24_24 et_flex_column_24_24_tablet et_flex_column_24_24_phone \" data-id=\"date\" data-type=\"datetime-picker\" config='{\"pickerType\":\"datePicker\",\"dateFormat\":\"F j, Y\",\"timeFormat\":\"\",\"dayOfWeekStart\":\"0\",\"disabledDaysOfWeek\":[0,1,3,4,5,6],\"locale\":\"fr\",\"showInline\":false,\"setCurrentDateTime\":false,\"enableRTL\":false,\"disableWeekRowNumberMarker\":false,\"disablePastDates\":true,\"disableCurrentDate\":false,\"minDateType\":\"none\",\"maxDateType\":\"none\",\"timeSlotInterval\":30,\"disablePastTimes\":false,\"currentDate\":\"2026-04-30\",\"minDate\":\"\",\"maxDate\":\"\",\"unAvailableDates\":[\"2025-12-23\",\"2025-12-30\"]}'><label class=\"et_pb_contact_form_label\">Choisissez une date<\/label><input type=\"text\" name=\"et_pb_contact_0_date_2\" id=\"et_pb_contact_0_date_2\" class=\"input datetimepicker\" data-required_mark=\"required\" data-field_type=\"text\" data-original_id=\"date\" placeholder=\"Choisissez une date *\" inputmode=\"none\" readonly value=\"\" aria-required=\"true\"><\/div>\n\n\n<div class=\"et_pb_contact_field_3 et_pb_contact_field et_pb_module et_flex_module et_flex_column_24_24 et_flex_column_24_24_tablet et_flex_column_24_24_phone\" data-id=\"message\" data-type=\"text\"><label class=\"et_pb_contact_form_label\" for=\"et_pb_contact_0_message_3\">Que souhaitez-vous nous dire ?<\/label><textarea name=\"et_pb_contact_0_message_3\" id=\"et_pb_contact_0_message_3\" class=\"et_pb_contact_message input\" data-required_mark=\"not_required\" data-field_type=\"text\" data-original_id=\"message\" placeholder=\"What do you want to say to us?\" pattern=\"\" minlength=\"\" maxlength=\"\" title=\"\" aria-required=\"true\"><\/textarea><\/div>\n\n<input type=\"hidden\" name=\"et_pb_contactform_submit_1fb017c2-5d36-4bc1-9cae-68b50ed8f377\" value=\"et_contact_proccess\"><div id=\"et_pb_cf_turnstile_0\" class=\"et_pb_cf_turnstile\" data-sitekey=\"0x4AAAAAAA64Uj1wXk962sJ9\"><\/div><div class=\"et_contact_bottom_container\"><div class=\"et_pb_button_wrapper\"><button type=\"submit\" name=\"et_builder_submit_button\" class=\"et_pb_button et_pb_contact_submit\" data-wait-text=\"Please Wait...\">Assister gratuitement &agrave; une r&eacute;union<\/button><\/div><\/div><input type=\"hidden\" id=\"_wpnonce-et-pb-contact-form-submitted-1fb017c2-5d36-4bc1-9cae-68b50ed8f377\" name=\"_wpnonce-et-pb-contact-form-submitted-1fb017c2-5d36-4bc1-9cae-68b50ed8f377\" value=\"c5fe1012eb\"><input type=\"hidden\" name=\"_wp_http_referer\" value=\"\/fr\/wp-json\/wp\/v2\/pages\/4123\"><input type=\"hidden\" readonly inputmode=\"none\" name=\"et_pb_contact_field_referer_url\" value=\"\"><\/form><\/div><div class=\"et_pb_contact_form_overlay\"><div class=\"et_pb_contact_form_loader_spinner\"><\/div><\/div><\/div>\n\n<\/div>\n\n<div class=\"et_pb_column_2 et_pb_column et_pb_column_1_2 et-last-child et_block_column et_pb_css_mix_blend_mode_passthrough\">\n<div class=\"et_pb_image_0 et_pb_image et_pb_module et_block_module\"><span class=\"et_pb_image_wrap\"><img decoding=\"async\" src=\"https:\/\/moderatorclub.org\/wp-content\/uploads\/2025\/07\/89d44199-b434-4212-b2a4-a0eed2417c00.jpg\" class=\"wp-image-2953\" title=\"What you can learn\" alt=\"What you can learn from Moderator Club in Montreal\" \/><\/span><\/div>\n<\/div>\n<\/div>\n<\/div>","protected":false},"excerpt":{"rendered":"","protected":false},"author":5,"featured_media":0,"parent":0,"menu_order":0,"comment_status":"closed","ping_status":"closed","template":"","meta":{"footnotes":""},"class_list":["post-4123","page","type-page","status-publish","hentry"],"_links":{"self":[{"href":"https:\/\/moderatorclub.org\/fr\/wp-json\/wp\/v2\/pages\/4123","targetHints":{"allow":["GET"]}}],"collection":[{"href":"https:\/\/moderatorclub.org\/fr\/wp-json\/wp\/v2\/pages"}],"about":[{"href":"https:\/\/moderatorclub.org\/fr\/wp-json\/wp\/v2\/types\/page"}],"author":[{"embeddable":true,"href":"https:\/\/moderatorclub.org\/fr\/wp-json\/wp\/v2\/users\/5"}],"replies":[{"embeddable":true,"href":"https:\/\/moderatorclub.org\/fr\/wp-json\/wp\/v2\/comments?post=4123"}],"version-history":[{"count":7,"href":"https:\/\/moderatorclub.org\/fr\/wp-json\/wp\/v2\/pages\/4123\/revisions"}],"predecessor-version":[{"id":4669,"href":"https:\/\/moderatorclub.org\/fr\/wp-json\/wp\/v2\/pages\/4123\/revisions\/4669"}],"wp:attachment":[{"href":"https:\/\/moderatorclub.org\/fr\/wp-json\/wp\/v2\/media?parent=4123"}],"curies":[{"name":"wp","href":"https:\/\/api.w.org\/{rel}","templated":true}]}}