{"id":4223,"date":"2026-03-14T10:32:15","date_gmt":"2026-03-14T14:32:15","guid":{"rendered":"https:\/\/moderatorclub.org\/?page_id=4223"},"modified":"2026-03-21T15:42:18","modified_gmt":"2026-03-21T19:42:18","slug":"first-time-toastmasters-montreal","status":"publish","type":"page","link":"https:\/\/moderatorclub.org\/fr\/first-time-toastmasters-montreal\/","title":{"rendered":"Votre premi\u00e8re visite \u00e0 Toastmasters"},"content":{"rendered":"\n<div class=\"et_pb_section_0 et_pb_section et_section_regular et_block_section\"><div class=\"et_pb_row_0 et_pb_row et_block_row\"><div class=\"et_pb_column_0 et_pb_column et_pb_column_4_4 et-last-child et_block_column et_pb_css_mix_blend_mode_passthrough\"><div class=\"et_pb_text_0 et_pb_text et_pb_bg_layout_dark et_pb_module et_block_module\"><div class=\"et_pb_text_inner\"><h1 style=\"font-weight: 400;\"><strong>Votre premi\u00e8re r\u00e9union Toastmasters \u00e0 Montr\u00e9al<\/strong><\/h1>\n<\/div><\/div><\/div><\/div><\/div><div class=\"et_pb_section_1 et_pb_section et_section_regular et_block_section\"><div class=\"et_pb_row_1 et_pb_row et_block_row\"><div class=\"et_pb_column_1 et_pb_column et_pb_column_4_4 et-last-child et_block_column et_pb_css_mix_blend_mode_passthrough\"><div class=\"et_pb_text_1 et_pb_text et_pb_bg_layout_light et_pb_module et_block_module\"><div class=\"et_pb_text_inner\"><p data-start=\"105\" data-end=\"254\">Participer pour la premi\u00e8re fois \u00e0 une r\u00e9union Toastmasters peut sembler intimidant, surtout dans une nouvelle ville ou dans une nouvelle langue.<\/p>\n<p data-start=\"256\" data-end=\"474\">Cette page explique clairement comment se d\u00e9roule une r\u00e9union Toastmasters \u00e0 Montr\u00e9al, ce que les visiteurs qui viennent pour la premi\u00e8re fois peuvent attendre, et comment d\u00e9cider si cette exp\u00e9rience vous convient.<\/p>\n<\/div><\/div><\/div><\/div><\/div><div class=\"et_pb_section_2 et_pb_section et_section_regular et_block_section\"><div class=\"et_pb_row_2 et_pb_row et_block_row\"><div class=\"et_pb_column_2 et_pb_column et_pb_column_1_2 et_block_column et_pb_css_mix_blend_mode_passthrough\"><div class=\"et_pb_text_2 et_pb_text et_pb_bg_layout_light et_pb_module et_block_module\"><div class=\"et_pb_text_inner\"><h2 data-start=\"47\" data-end=\"94\">\u00c0 quoi ressemble une r\u00e9union Toastmasters ?<\/h2>\n<\/div><\/div><div class=\"et_pb_text_3 et_pb_text et_pb_bg_layout_light et_pb_module et_block_module\"><div class=\"et_pb_text_inner\"><p data-start=\"103\" data-end=\"270\">Une r\u00e9union Toastmasters est un environnement structur\u00e9 et bienveillant o\u00f9 les membres d\u00e9veloppent leurs comp\u00e9tences en prise de parole en public et en leadership.<\/p>\n<p data-start=\"272\" data-end=\"536\">Les r\u00e9unions sont con\u00e7ues pour \u00eatre accueillantes, pratiques et sans pression. Toutes les personnes pr\u00e9sentes ont \u00e9t\u00e9 un jour des invit\u00e9s pour la premi\u00e8re fois, et les nouveaux venus ne sont jamais oblig\u00e9s de parler ou de participer s\u2019ils ne le souhaitent pas.<\/p>\n<p data-start=\"538\" data-end=\"800\">Au club Mod\u00e9rateur Toastmasters, les r\u00e9unions sont bilingues. Les invit\u00e9s sont invit\u00e9s \u00e0 observer et \u00e0 utiliser l\u2019anglais ou le fran\u00e7ais, selon la langue avec laquelle ils se sentent le plus \u00e0 l\u2019aise. D\u00e9couvrez \u00e9galement <a href=\"https:\/\/moderatorclub.org\/fr\/2026\/a-qui-sadresse-reellement-toastmasters\/\">\u00e0 qui s\u2019adresse vraiment Toastmasters<\/a>.<\/p>\n<\/div><\/div><\/div><div class=\"et_pb_column_3 et_pb_column et_pb_column_1_2 et-last-child et_block_column et_pb_css_mix_blend_mode_passthrough\"><div class=\"et_pb_image_0 et_pb_image et_pb_module et_block_module\"><span class=\"et_pb_image_wrap\"><img loading=\"lazy\" decoding=\"async\" src=\"https:\/\/moderatorclub.org\/wp-content\/uploads\/2025\/08\/contest-scaled.jpg\" width=\"2560\" height=\"1709\" srcset=\"https:\/\/moderatorclub.org\/wp-content\/uploads\/2025\/08\/contest-scaled.jpg 2560w, https:\/\/moderatorclub.org\/wp-content\/uploads\/2025\/08\/contest-1280x855.jpg 1280w, https:\/\/moderatorclub.org\/wp-content\/uploads\/2025\/08\/contest-980x654.jpg 980w, https:\/\/moderatorclub.org\/wp-content\/uploads\/2025\/08\/contest-480x320.jpg 480w\" sizes=\"(min-width: 0px) and (max-width: 480px) 480px, (min-width: 481px) and (max-width: 980px) 980px, (min-width: 981px) and (max-width: 1280px) 1280px, (min-width: 1281px) 2560px, 100vw\" class=\"wp-image-3079\" title=\"meeting\" alt=\"meeting\" \/><\/span><\/div><\/div><\/div><\/div><div class=\"et_pb_section_3 et_pb_section et_section_regular et_block_section\"><div class=\"et_pb_row_3 et_pb_row et_pb_row_1-4_3-4 et_block_row et_block_row_1-4_3-4\"><div class=\"et_pb_column_4 et_pb_column et_pb_column_1_4 et_block_column et_pb_css_mix_blend_mode_passthrough\"><div class=\"et_pb_icon_0 et_pb_icon et_pb_module et_block_module\"><span class=\"et_pb_icon_wrap\"><span class=\"et-pb-icon\">\uf51c<\/span><\/span><\/div><\/div><div class=\"et_pb_column_5 et_pb_column et_pb_column_3_4 et-last-child et_block_column et_pb_css_mix_blend_mode_passthrough\"><div class=\"et_pb_text_4 et_pb_text et_pb_bg_layout_light et_pb_module et_block_module\"><div class=\"et_pb_text_inner\"><h2 style=\"font-weight: 400;\"><span>Structure typique d\u2019une r\u00e9union Toastmasters<\/span><\/h2>\n<\/div><\/div><div class=\"et_pb_text_5 et_pb_text et_pb_bg_layout_light et_pb_module et_block_module\"><div class=\"et_pb_text_inner\"><p data-start=\"104\" data-end=\"161\"><a href=\"https:\/\/moderatorclub.org\/fr\/2026\/pourquoi-toastmasters-utilise-autant-de-roles-lors-des-reunions\/\">Chaque r\u00e9union Toastmasters comporte plusieurs r\u00f4les.<\/a><\/p>\n<p data-start=\"163\" data-end=\"282\">Bien que chaque club ait sa propre personnalit\u00e9, la plupart des r\u00e9unions Toastmasters suivent une structure similaire :<\/p>\n<h3 data-section-id=\"djwatq\" data-start=\"284\" data-end=\"310\">Ouverture et accueil<\/h3>\n<p data-start=\"311\" data-end=\"397\">La r\u00e9union commence par une br\u00e8ve introduction et une pr\u00e9sentation de l\u2019ordre du jour.<\/p>\n<h3 data-section-id=\"1jzego4\" data-start=\"399\" data-end=\"427\">Session administrative<\/h3>\n<p data-start=\"428\" data-end=\"532\">Cette partie couvre les activit\u00e9s du club, comme l\u2019accueil de nouveaux membres et les activit\u00e9s \u00e0 venir.<\/p>\n<h3 data-section-id=\"1jaf9o2\" data-start=\"534\" data-end=\"574\">Table Topics (discours improvis\u00e9s)<\/h3>\n<p data-start=\"575\" data-end=\"671\">Il s\u2019agit d\u2019un court segment o\u00f9 les participants r\u00e9pondent spontan\u00e9ment \u00e0 des questions simples.<\/p>\n<p data-start=\"673\" data-end=\"786\"><strong data-start=\"673\" data-end=\"786\">Les invit\u00e9s qui viennent pour la premi\u00e8re fois peuvent participer, <\/strong>mais ils sont \u00e9galement libres d\u2019observer.<\/p>\n<h3 data-section-id=\"id201e\" data-start=\"793\" data-end=\"816\">Discours pr\u00e9par\u00e9s<\/h3>\n<p data-start=\"817\" data-end=\"1048\">Les membres pr\u00e9sentent de courts discours pr\u00e9par\u00e9s en fonction de leurs objectifs d\u2019apprentissage. Ces discours sont planifi\u00e9s \u00e0 l\u2019avance et durent g\u00e9n\u00e9ralement <strong data-start=\"978\" data-end=\"995\">5 \u00e0 7 minutes<\/strong>.<br data-start=\"996\" data-end=\"999\" \/>Vous pouvez consulter <a href=\"https:\/\/moderatorclub.org\/fr\/upcoming-speeches\/\">nos prochains discours<\/a>.<\/p>\n<h3 data-section-id=\"1f21g3z\" data-start=\"1050\" data-end=\"1067\">\u00c9valuations<\/h3>\n<p data-start=\"1068\" data-end=\"1182\">Les orateurs re\u00e7oivent des commentaires constructifs et bienveillants, ax\u00e9s sur l\u2019am\u00e9lioration et l\u2019encouragement.<\/p>\n<h3 data-section-id=\"j97pmz\" data-start=\"1184\" data-end=\"1197\">Cl\u00f4ture<\/h3>\n<p data-start=\"1198\" data-end=\"1255\">La r\u00e9union se termine par des annonces et un bref r\u00e9sum\u00e9.<\/p>\n<p data-start=\"1257\" data-end=\"1312\">La plupart des r\u00e9unions durent <strong data-start=\"1288\" data-end=\"1311\">environ 120 minutes<\/strong>.<\/p>\n<p data-start=\"1314\" data-end=\"1400\"><a href=\"https:\/\/moderatorclub.org\/fr\/agenda\/\"><strong data-start=\"1314\" data-end=\"1400\">Int\u00e9ress\u00e9 ? Cliquez ici pour consulter l\u2019ordre du jour de notre prochaine r\u00e9union.<\/strong><\/a><\/p>\n<p style=\"font-weight: 400;\"><strong><em><\/em><\/strong><\/p>\n<ul><\/ul>\n<\/div><\/div><\/div><\/div><\/div><div class=\"et_pb_section_4 et_pb_section et_section_regular et_block_section\"><div class=\"et_pb_row_4 et_pb_row et_pb_row_3-4_1-4 et_block_row et_block_row_3-4_1-4\"><div class=\"et_pb_column_6 et_pb_column et_pb_column_3_4 et_block_column et_pb_css_mix_blend_mode_passthrough\"><div class=\"et_pb_text_6 et_pb_text et_pb_bg_layout_light et_pb_module et_block_module\"><div class=\"et_pb_text_inner\"><h2 style=\"font-weight: 400;\"><span>Les langues au Mod\u00e9rateur Toastmasters<\/span><\/h2>\n<h2><\/h2>\n<\/div><\/div><div class=\"et_pb_text_7 et_pb_text et_pb_bg_layout_light et_pb_module et_block_module\"><div class=\"et_pb_text_inner\"><p data-start=\"76\" data-end=\"156\"><strong data-start=\"76\" data-end=\"156\">Mod\u00e9rateur Toastmasters est le premier club Toastmasters bilingue \u00e0 Montr\u00e9al.<\/strong><\/p>\n<p data-start=\"158\" data-end=\"294\">Les invit\u00e9s et les membres peuvent utiliser <strong data-start=\"202\" data-end=\"230\">l\u2019anglais ou le fran\u00e7ais<\/strong>, selon la langue avec laquelle ils se sentent le plus \u00e0 l\u2019aise.<\/p>\n<p data-start=\"296\" data-end=\"406\">Il n\u2019est pas n\u00e9cessaire de parler couramment les deux langues pour assister aux r\u00e9unions ou rejoindre le club.<\/p>\n<p data-start=\"408\" data-end=\"599\">Cet environnement linguistique flexible rend le club particuli\u00e8rement accueillant pour les professionnels qui souhaitent am\u00e9liorer leurs comp\u00e9tences en communication dans une deuxi\u00e8me langue.<\/p>\n<ul><\/ul>\n<\/div><\/div><\/div><div class=\"et_pb_column_7 et_pb_column et_pb_column_1_4 et-last-child et_block_column et_pb_css_mix_blend_mode_passthrough\"><div class=\"et_pb_icon_1 et_pb_icon et_pb_module et_block_module\"><span class=\"et_pb_icon_wrap\"><span class=\"et-pb-icon\">w<\/span><\/span><\/div><\/div><\/div><\/div><div class=\"et_pb_section_5 et_pb_section et_section_regular et_block_section\"><div class=\"et_pb_row_5 et_pb_row et_pb_row_1-4_3-4 et_block_row et_block_row_1-4_3-4\"><div class=\"et_pb_column_8 et_pb_column et_pb_column_1_4 et_block_column et_pb_css_mix_blend_mode_passthrough\"><div class=\"et_pb_icon_2 et_pb_icon et_pb_module et_block_module\"><span class=\"et_pb_icon_wrap\"><span class=\"et-pb-icon\">\ue064<\/span><\/span><\/div><\/div><div class=\"et_pb_column_9 et_pb_column et_pb_column_3_4 et-last-child et_block_column et_pb_css_mix_blend_mode_passthrough\"><div class=\"et_pb_text_8 et_pb_text et_pb_bg_layout_light et_pb_module et_block_module\"><div class=\"et_pb_text_inner\"><h2 style=\"font-weight: 400;\"><span>Toastmasters est-il fait pour moi ?<\/span><\/h2>\n<\/div><\/div><div class=\"et_pb_text_9 et_pb_text et_pb_bg_layout_light et_pb_module et_block_module\"><div class=\"et_pb_text_inner\"><p data-start=\"89\" data-end=\"134\"><strong data-start=\"89\" data-end=\"134\">Toastmasters peut vous convenir si vous :<\/strong><\/p>\n<ul data-start=\"136\" data-end=\"434\">\n<li data-section-id=\"mr03ml\" data-start=\"136\" data-end=\"195\">\n<p data-start=\"138\" data-end=\"195\">souhaitez parler avec plus d\u2019assurance devant un public<\/p>\n<\/li>\n<li data-section-id=\"1ikz8nv\" data-start=\"196\" data-end=\"269\">\n<p data-start=\"198\" data-end=\"269\">souhaitez am\u00e9liorer vos comp\u00e9tences en communication ou en leadership<\/p>\n<\/li>\n<li data-section-id=\"mbiqe6\" data-start=\"270\" data-end=\"346\">\n<p data-start=\"272\" data-end=\"346\">pr\u00e9f\u00e9rez un environnement d\u2019apprentissage bienveillant et non comp\u00e9titif<\/p>\n<\/li>\n<li data-section-id=\"8ulubp\" data-start=\"347\" data-end=\"434\">\n<p data-start=\"349\" data-end=\"434\">\u00eates nouveau \u00e0 Montr\u00e9al et souhaitez d\u00e9velopper votre confiance et cr\u00e9er des contacts<\/p>\n<\/li>\n<\/ul>\n<p data-start=\"436\" data-end=\"504\"><strong data-start=\"436\" data-end=\"504\">Aucune exp\u00e9rience pr\u00e9alable en prise de parole n\u2019est n\u00e9cessaire.<\/strong><\/p>\n<p data-start=\"506\" data-end=\"640\">Si vous \u00eates curieux de savoir comment les invit\u00e9s vivent g\u00e9n\u00e9ralement leur premi\u00e8re r\u00e9union, vous pouvez en apprendre davantage ici :<\/p>\n<p data-start=\"642\" data-end=\"728\"><a href=\"https:\/\/moderatorclub.org\/fr\/2026\/a-quoi-ressemble-une-premiere-reunion-toastmasters-a-montreal\/\"><strong data-start=\"642\" data-end=\"728\">\u00c0 quoi ressemble la participation \u00e0 votre premi\u00e8re r\u00e9union Toastmasters \u00e0 Montr\u00e9al<\/strong><\/a><\/p>\n<ul><\/ul>\n<\/div><\/div><\/div><\/div><\/div><div class=\"et_pb_section_6 et_pb_section et_section_regular et_block_section\"><div class=\"et_pb_row_6 et_pb_row et_block_row\"><div class=\"et_pb_column_10 et_pb_column et_pb_column_4_4 et-last-child et_block_column et_pb_css_mix_blend_mode_passthrough\"><div class=\"et_pb_text_10 et_pb_text et_pb_bg_layout_light et_pb_module et_block_module\"><div class=\"et_pb_text_inner\"><h2 style=\"font-weight: 400;\"><span>Assister \u00e0 une r\u00e9union Toastmasters en tant qu\u2019invit\u00e9<\/span><\/h2>\n<p data-start=\"93\" data-end=\"174\">N\u2019h\u00e9sitez pas \u00e0 assister \u00e0 une r\u00e9union Toastmasters \u00e0 Montr\u00e9al en tant qu\u2019invit\u00e9.<\/p>\n<p data-start=\"176\" data-end=\"260\">Les invit\u00e9s sont toujours les bienvenus et il n\u2019y a <strong data-start=\"228\" data-end=\"259\">aucune obligation d\u2019adh\u00e9rer<\/strong>.<\/p>\n<ul data-start=\"262\" data-end=\"417\">\n<li data-section-id=\"lkdgfm\" data-start=\"262\" data-end=\"324\">\n<p data-start=\"264\" data-end=\"324\"><strong data-start=\"264\" data-end=\"289\">Transport en commun :<\/strong> pr\u00e8s de la station de m\u00e9tro Peel<\/p>\n<\/li>\n<li data-section-id=\"3fgfzc\" data-start=\"325\" data-end=\"417\">\n<p data-start=\"327\" data-end=\"417\"><strong data-start=\"327\" data-end=\"346\">Stationnement :<\/strong> stationnement souterrain payant disponible dans l\u2019immeuble Scotia Bank<\/p>\n<\/li>\n<\/ul>\n<\/div><\/div><div class=\"et_pb_module et_pb_button_module_wrapper et_pb_button_0_wrapper preset--module--divi-button--default_wrapper\"><a class=\"et_pb_button_0 et_pb_button et_pb_bg_layout_dark et_pb_module et_block_module preset--module--divi-button--default\" href=\"https:\/\/moderatorclub.org\/visit-a-meeting\/\" data-icon=\"$\">Visiter une r\u00e9union<\/a><\/div><\/div><\/div><\/div>\n","protected":false},"excerpt":{"rendered":"","protected":false},"author":5,"featured_media":0,"parent":0,"menu_order":0,"comment_status":"closed","ping_status":"closed","template":"","meta":{"footnotes":""},"class_list":["post-4223","page","type-page","status-publish","hentry"],"_links":{"self":[{"href":"https:\/\/moderatorclub.org\/fr\/wp-json\/wp\/v2\/pages\/4223","targetHints":{"allow":["GET"]}}],"collection":[{"href":"https:\/\/moderatorclub.org\/fr\/wp-json\/wp\/v2\/pages"}],"about":[{"href":"https:\/\/moderatorclub.org\/fr\/wp-json\/wp\/v2\/types\/page"}],"author":[{"embeddable":true,"href":"https:\/\/moderatorclub.org\/fr\/wp-json\/wp\/v2\/users\/5"}],"replies":[{"embeddable":true,"href":"https:\/\/moderatorclub.org\/fr\/wp-json\/wp\/v2\/comments?post=4223"}],"version-history":[{"count":5,"href":"https:\/\/moderatorclub.org\/fr\/wp-json\/wp\/v2\/pages\/4223\/revisions"}],"predecessor-version":[{"id":4592,"href":"https:\/\/moderatorclub.org\/fr\/wp-json\/wp\/v2\/pages\/4223\/revisions\/4592"}],"wp:attachment":[{"href":"https:\/\/moderatorclub.org\/fr\/wp-json\/wp\/v2\/media?parent=4223"}],"curies":[{"name":"wp","href":"https:\/\/api.w.org\/{rel}","templated":true}]}}