{"id":4242,"date":"2026-04-01T09:48:36","date_gmt":"2026-04-01T13:48:36","guid":{"rendered":"https:\/\/moderatorclub.org\/?page_id=4242"},"modified":"2026-04-01T11:54:05","modified_gmt":"2026-04-01T15:54:05","slug":"public-speaking-montreal","status":"publish","type":"page","link":"https:\/\/moderatorclub.org\/fr\/public-speaking-montreal\/","title":{"rendered":"Prise de parole en public\u00a0"},"content":{"rendered":"<div class=\"et_pb_section_0 et_pb_section et_section_regular et_block_section\">\n<div class=\"et_pb_row_0 et_pb_row et_block_row\">\n<div class=\"et_pb_column_0 et_pb_column et_pb_column_4_4 et-last-child et_block_column et_pb_css_mix_blend_mode_passthrough\">\n<div class=\"et_pb_text_0 et_pb_text et_pb_bg_layout_dark et_pb_module et_block_module\"><div class=\"et_pb_text_inner\"><h1 style=\"font-weight: 400; text-align: center;\"><strong>Prise de parole en public \u00e0 Montr\u00e9al<\/strong><\/h1>\n<p style=\"text-align: center;\"><span>D\u00e9veloppez votre confiance, votre clart\u00e9 et votre impact gr\u00e2ce \u00e0 la pratique<\/span><\/p>\n<\/div><\/div>\n<\/div>\n<\/div>\n<\/div>\n\n<div class=\"et_pb_section_1 et_pb_section et_section_regular et_block_section\">\n<div class=\"et_pb_row_1 et_pb_row et_block_row\">\n<div class=\"et_pb_column_1 et_pb_column et_pb_column_4_4 et-last-child et_block_column et_pb_css_mix_blend_mode_passthrough\">\n<div class=\"et_pb_text_1 et_pb_text et_pb_bg_layout_light et_pb_module et_block_module\"><div class=\"et_pb_text_inner\"><p data-start=\"72\" data-end=\"190\">La prise de parole en public ne se limite pas \u00e0 monter sur sc\u00e8ne : c\u2019est une comp\u00e9tence professionnelle essentielle.<\/p>\n<p data-start=\"192\" data-end=\"439\">Dans les r\u00e9unions, les pr\u00e9sentations, les entretiens et les \u00e9changes quotidiens au travail, votre capacit\u00e9 \u00e0 exprimer vos id\u00e9es avec clart\u00e9 et assurance influence directement la perception de votre comp\u00e9tence et de votre potentiel de leadership.<\/p>\n<p data-start=\"441\" data-end=\"675\">Au sein du <strong>Club Mod\u00e9rateur Toastmasters de Montr\u00e9al<\/strong>, nous aidons les professionnels \u00e0 d\u00e9velopper des comp\u00e9tences concr\u00e8tes en prise de parole gr\u00e2ce \u00e0 une formation structur\u00e9e, bienveillante et bilingue, ax\u00e9e sur des situations r\u00e9elles.<\/p>\n<\/div><\/div>\n<\/div>\n<\/div>\n\n<div class=\"et_pb_row_2 et_pb_row et_block_row\">\n<div class=\"et_pb_column_2 et_pb_column et_pb_column_4_4 et-last-child et_block_column et_pb_css_mix_blend_mode_passthrough\">\n<div class=\"et_pb_image_0 et_pb_image et_pb_module et_block_module\"><span class=\"et_pb_image_wrap\"><img loading=\"lazy\" decoding=\"async\" src=\"https:\/\/moderatorclub.org\/wp-content\/uploads\/2026\/02\/public-speaking.png\" width=\"1024\" height=\"694\" srcset=\"https:\/\/moderatorclub.org\/wp-content\/uploads\/2026\/02\/public-speaking.png 1024w, https:\/\/moderatorclub.org\/wp-content\/uploads\/2026\/02\/public-speaking-980x664.png 980w, https:\/\/moderatorclub.org\/wp-content\/uploads\/2026\/02\/public-speaking-480x325.png 480w\" sizes=\"(min-width: 0px) and (max-width: 480px) 480px, (min-width: 481px) and (max-width: 980px) 980px, (min-width: 981px) 1024px, 100vw\" class=\"wp-image-4248\" title=\"public speaking\" \/><\/span><\/div>\n\n<div class=\"et_pb_module et_pb_button_module_wrapper et_pb_button_0_wrapper preset--module--divi-button--default_wrapper\"><a class=\"et_pb_button_0 et_pb_button et_pb_bg_layout_dark et_pb_module et_block_module preset--module--divi-button--default\" href=\"https:\/\/moderatorclub.org\/fr\/visit-a-meeting\/\" data-icon=\"$\">Assistez \u00e0 une r\u00e9union<\/a><\/div>\n<\/div>\n<\/div>\n<\/div>\n\n<div class=\"et_pb_section_2 et_pb_section et_section_regular et_block_section\">\n<div class=\"et_pb_row_3 et_pb_row et_block_row\">\n<div class=\"et_pb_column_3 et_pb_column et_pb_column_4_4 et-last-child et_block_column et_pb_css_mix_blend_mode_passthrough\">\n<div class=\"et_pb_text_2 et_pb_text et_pb_bg_layout_light et_pb_module et_block_module\"><div class=\"et_pb_text_inner\"><h2><span>Pourquoi la prise de parole en public est une comp\u00e9tence cl\u00e9 pour votre carri\u00e8re<\/span><\/h2>\n<\/div><\/div>\n\n<div class=\"et_pb_text_3 et_pb_text et_pb_bg_layout_light et_pb_module et_block_module\"><div class=\"et_pb_text_inner\"><p data-start=\"148\" data-end=\"337\">Dans le monde professionnel d\u2019aujourd\u2019hui, avoir de bonnes id\u00e9es ne suffit pas. Il faut savoir les exprimer clairement, s\u2019adapter \u00e0 son interlocuteur et r\u00e9agir avec assurance sous pression.<\/p>\n<p data-start=\"339\" data-end=\"446\">Les comp\u00e9tences en prise de parole en public soutiennent directement votre carri\u00e8re en vous permettant de :<\/p>\n<ul data-start=\"448\" data-end=\"825\">\n<li data-section-id=\"7kw8p2\" data-start=\"448\" data-end=\"508\">Pr\u00e9senter vos id\u00e9es avec clart\u00e9 et une structure logique<\/li>\n<li data-section-id=\"uymkl0\" data-start=\"509\" data-end=\"587\">Vous exprimer avec confiance lors de r\u00e9unions et d\u2019\u00e9changes professionnels<\/li>\n<li data-section-id=\"a5ii51\" data-start=\"588\" data-end=\"671\">Communiquer efficacement dans des environnements multiculturels et multilingues<\/li>\n<li data-section-id=\"1bn85s\" data-start=\"672\" data-end=\"754\">R\u00e9agir rapidement et avec pertinence, sans d\u00e9pendre d\u2019un discours trop pr\u00e9par\u00e9<\/li>\n<li data-section-id=\"1umkvai\" data-start=\"755\" data-end=\"825\">R\u00e9duire le stress et l\u2019anxi\u00e9t\u00e9 li\u00e9s \u00e0 la prise de parole en public<\/li>\n<\/ul>\n<p data-start=\"827\" data-end=\"1091\">Que vous soyez nouvel arrivant au Canada, que vous travailliez dans un environnement bilingue ou que vous souhaitiez simplement renforcer votre pr\u00e9sence professionnelle, la prise de parole en public est une comp\u00e9tence qui se d\u00e9veloppe et se renforce avec le temps.<\/p>\n<\/div><\/div>\n<\/div>\n<\/div>\n<\/div>\n\n<div class=\"et_pb_section_3 et_pb_section et_section_regular et_block_section\">\n<div class=\"et_pb_row_4 et_pb_row et_block_row\">\n<div class=\"et_pb_column_4 et_pb_column et_pb_column_4_4 et-last-child et_block_column et_pb_css_mix_blend_mode_passthrough\">\n<div class=\"et_pb_text_4 et_pb_text et_pb_bg_layout_light et_pb_module et_block_module\"><div class=\"et_pb_text_inner\"><h2 style=\"font-weight: 400;\"><span>Ce que vous pratiquerez \u00e0 chaque r\u00e9union<\/span><\/h2>\n<\/div><\/div>\n\n<div class=\"et_pb_text_5 et_pb_text et_pb_bg_layout_light et_pb_module et_block_module\"><div class=\"et_pb_text_inner\"><p data-start=\"118\" data-end=\"174\">Notre approche est simple : vous apprenez en pratiquant.<\/p>\n<p data-start=\"176\" data-end=\"292\">\u00c0 chaque r\u00e9union, les membres s\u2019entra\u00eenent activement \u00e0 la prise de parole \u00e0 travers diff\u00e9rents formats, notamment :<\/p>\n<ul data-start=\"294\" data-end=\"644\">\n<li data-section-id=\"3um9ta\" data-start=\"294\" data-end=\"382\"><strong data-start=\"296\" data-end=\"321\">Des discours pr\u00e9par\u00e9s<\/strong> pour d\u00e9velopper la structure, le storytelling et la clart\u00e9<\/li>\n<li data-section-id=\"x7h8k5\" data-start=\"383\" data-end=\"466\"><strong data-start=\"385\" data-end=\"418\">Des interventions improvis\u00e9es<\/strong> pour am\u00e9liorer la spontan\u00e9it\u00e9 et la confiance<\/li>\n<li data-section-id=\"1j8iowy\" data-start=\"467\" data-end=\"551\"><strong data-start=\"469\" data-end=\"493\">Des r\u00f4les en r\u00e9union<\/strong> pour renforcer l\u2019organisation, l\u2019\u00e9coute et l\u2019expression<\/li>\n<li data-section-id=\"1p3054g\" data-start=\"552\" data-end=\"644\"><strong data-start=\"554\" data-end=\"582\">Des retours constructifs<\/strong> pour identifier vos points forts et vos axes d\u2019am\u00e9lioration<\/li>\n<\/ul>\n<p data-start=\"646\" data-end=\"891\">Ces comp\u00e9tences<a href=\"https:\/\/moderatorclub.org\/fr\/2026\/presentation-vs-prise-de-parole\/\"> am\u00e9liorent consid\u00e9rablement la qualit\u00e9 de vos pr\u00e9sentations et renforcent votre cr\u00e9dibilit\u00e9 professionnelle<\/a>. Chaque session suit une structure claire, vous permettant de progresser \u00e0 votre rythme tout en pratiquant r\u00e9guli\u00e8rement.<\/p>\n<ul><\/ul>\n<\/div><\/div>\n<\/div>\n<\/div>\n<\/div>\n\n<div class=\"et_pb_section_4 et_pb_section et_section_regular et_block_section\">\n<div class=\"et_pb_row_5 et_pb_row et_block_row\">\n<div class=\"et_pb_column_5 et_pb_column et_pb_column_4_4 et-last-child et_block_column et_pb_css_mix_blend_mode_passthrough\">\n<div class=\"et_pb_text_6 et_pb_text et_pb_bg_layout_light et_pb_module et_block_module\"><div class=\"et_pb_text_inner\"><h2 style=\"font-weight: 400;\"><span>Les difficult\u00e9s courantes que nous vous aidons \u00e0 surmonter<\/span><\/h2>\n<\/div><\/div>\n\n<div class=\"et_pb_text_7 et_pb_text et_pb_bg_layout_light et_pb_module et_block_module\"><div class=\"et_pb_text_inner\"><p data-start=\"130\" data-end=\"309\">Beaucoup de nos membres rejoignent le club avec des pr\u00e9occupations similaires. Notre environnement est con\u00e7u pour vous aider \u00e0 les surmonter progressivement et en toute confiance.<\/p>\n<p data-start=\"311\" data-end=\"358\">Nous accompagnons notamment les personnes qui :<\/p>\n<ul data-start=\"360\" data-end=\"694\">\n<li data-section-id=\"14bmw43\" data-start=\"360\" data-end=\"435\"><a href=\"https:\/\/moderatorclub.org\/fr\/2026\/where-does-stage-fright-really-come-from\/\">Se sentent nerveuses ou stress\u00e9es<\/a> lorsqu\u2019elles parlent devant un groupe<\/li>\n<li data-section-id=\"1g91mqk\" data-start=\"436\" data-end=\"494\">Ont du mal \u00e0 organiser clairement leurs id\u00e9es \u00e0 l\u2019oral<\/li>\n<li data-section-id=\"jghq63\" data-start=\"495\" data-end=\"555\">Craignent de faire des erreurs en anglais ou en fran\u00e7ais<\/li>\n<li data-section-id=\"a0alxs\" data-start=\"556\" data-end=\"623\">Perdent leurs moyens lors de questions ou d\u2019\u00e9changes improvis\u00e9s<\/li>\n<li data-section-id=\"k4urp0\" data-start=\"624\" data-end=\"694\">Souhaitent para\u00eetre plus confiantes et professionnelles au travail<\/li>\n<\/ul>\n<p data-start=\"696\" data-end=\"957\">Ces approches fonctionnent parce que <a href=\"https:\/\/moderatorclub.org\/fr\/2026\/competences-orales-et-confiance\/\">la plupart des gens ne manquent pas de comp\u00e9tences en communication : ils manquent simplement de confiance.<\/a> Vous n\u2019avez pas besoin d\u2019\u00eatre parfait \u2014 les progr\u00e8s viennent avec la pratique r\u00e9guli\u00e8re et des retours constructifs.<\/p>\n<ul><\/ul>\n<\/div><\/div>\n<\/div>\n<\/div>\n<\/div>\n\n<div class=\"et_pb_section_5 et_pb_section et_section_regular et_block_section\">\n<div class=\"et_pb_row_6 et_pb_row et_block_row\">\n<div class=\"et_pb_column_6 et_pb_column et_pb_column_4_4 et-last-child et_block_column et_pb_css_mix_blend_mode_passthrough\">\n<div class=\"et_pb_text_8 et_pb_text et_pb_bg_layout_light et_pb_module et_block_module\"><div class=\"et_pb_text_inner\"><h2 style=\"font-weight: 400;\"><span>Les r\u00e9sultats que vous pouvez attendre<\/span><\/h2>\n<\/div><\/div>\n\n<div class=\"et_pb_text_9 et_pb_text et_pb_bg_layout_light et_pb_module et_block_module\"><div class=\"et_pb_text_inner\"><p data-start=\"107\" data-end=\"220\">En participant r\u00e9guli\u00e8rement \u00e0 nos r\u00e9unions ax\u00e9es sur la prise de parole en public, vous pouvez vous attendre \u00e0 :<\/p>\n<ul data-start=\"222\" data-end=\"612\">\n<li data-section-id=\"tnot23\" data-start=\"222\" data-end=\"274\">Vous exprimer avec plus de clart\u00e9 et de ma\u00eetrise<\/li>\n<li data-section-id=\"1568vm8\" data-start=\"275\" data-end=\"324\">Structurer vos id\u00e9es de mani\u00e8re plus efficace<\/li>\n<li data-section-id=\"c8x8u9\" data-start=\"325\" data-end=\"386\">Gagner en confiance pour exprimer vos opinions en r\u00e9union<\/li>\n<li data-section-id=\"13t5jyi\" data-start=\"387\" data-end=\"443\">R\u00e9agir plus calmement et naturellement sous pression<\/li>\n<li data-section-id=\"1vazex0\" data-start=\"444\" data-end=\"516\">Renforcer vos comp\u00e9tences en communication en anglais et en fran\u00e7ais<\/li>\n<li data-section-id=\"12oq1oe\" data-start=\"517\" data-end=\"612\">D\u00e9velopper des relations professionnelles de qualit\u00e9 au sein d\u2019une communaut\u00e9 bienveillante<\/li>\n<\/ul>\n<p data-start=\"614\" data-end=\"689\">Les progr\u00e8s sont progressifs, mais constants \u2014 et mesurables dans le temps.<\/p>\n<ul><\/ul>\n<\/div><\/div>\n<\/div>\n<\/div>\n<\/div>\n\n<div class=\"et_pb_section_6 et_pb_section et_section_regular et_block_section\">\n<div class=\"et_pb_row_7 et_pb_row et_block_row\">\n<div class=\"et_pb_column_7 et_pb_column et_pb_column_4_4 et-last-child et_block_column et_pb_css_mix_blend_mode_passthrough\">\n<div class=\"et_pb_text_10 et_pb_text et_pb_bg_layout_light et_pb_module et_block_module\"><div class=\"et_pb_text_inner\"><h2 style=\"font-weight: 400;\"><span>Pourquoi Toastmasters est efficace pour la prise de parole en public<\/span><\/h2>\n<\/div><\/div>\n\n<div class=\"et_pb_text_11 et_pb_text et_pb_bg_layout_light et_pb_module et_block_module\"><div class=\"et_pb_text_inner\"><p data-start=\"133\" data-end=\"236\">Toastmasters est efficace parce que son approche est structur\u00e9e, pratique et centr\u00e9e sur la communaut\u00e9.<\/p>\n<p data-start=\"238\" data-end=\"298\">Au sein du Moderator Toastmasters Club, vous b\u00e9n\u00e9ficiez de :<\/p>\n<ul data-start=\"300\" data-end=\"682\">\n<li data-section-id=\"z7yuge\" data-start=\"300\" data-end=\"373\">Une m\u00e9thode d\u2019apprentissage \u00e9prouv\u00e9e et utilis\u00e9e dans le monde entier<\/li>\n<li data-section-id=\"1rcgmp0\" data-start=\"374\" data-end=\"459\">Des opportunit\u00e9s r\u00e9guli\u00e8res de prise de parole dans un environnement bienveillant<\/li>\n<li data-section-id=\"q92yrg\" data-start=\"460\" data-end=\"535\">Des retours entre pairs ax\u00e9s sur la progression, et non sur le jugement<\/li>\n<li data-section-id=\"nv0hs9\" data-start=\"536\" data-end=\"614\">Un environnement bilingue refl\u00e9tant la r\u00e9alit\u00e9 professionnelle de Montr\u00e9al<\/li>\n<li data-section-id=\"ad27gd\" data-start=\"615\" data-end=\"682\">Une culture d\u2019encouragement, de r\u00e9gularit\u00e9 et de responsabilit\u00e9<\/li>\n<\/ul>\n<p data-start=\"684\" data-end=\"917\">La prise de parole en public ne s\u2019apprend pas uniquement en th\u00e9orie. Elle se construit par la r\u00e9p\u00e9tition, la r\u00e9flexion et la pratique.<br data-start=\"818\" data-end=\"821\" \/>Chez Toastmasters, vous apprendrez rapidement \u00e0 <a href=\"https:\/\/moderatorclub.org\/fr\/2026\/cinq-erreurs-nouveaux-orateurs\/\">\u00e9viter les erreurs courantes<\/a>\u00a0en prise de parole.<\/p>\n<ul><\/ul>\n<\/div><\/div>\n<\/div>\n<\/div>\n<\/div>\n\n<div class=\"et_pb_section_7 et_pb_section et_section_regular et_block_section\">\n<div class=\"et_pb_row_8 et_pb_row et_block_row\">\n<div class=\"et_pb_column_8 et_pb_column et_pb_column_4_4 et-last-child et_block_column et_pb_css_mix_blend_mode_passthrough\">\n<div class=\"et_pb_text_12 et_pb_text et_pb_bg_layout_light et_pb_module et_block_module\"><div class=\"et_pb_text_inner\"><h2 style=\"font-weight: 400;\"><span>Pr\u00eat \u00e0 pratiquer la prise de parole en public \u00e0 Montr\u00e9al ?<\/span><\/h2>\n<\/div><\/div>\n\n<div class=\"et_pb_text_13 et_pb_text et_pb_bg_layout_light et_pb_module et_block_module\"><div class=\"et_pb_text_inner\"><p data-start=\"115\" data-end=\"193\">La meilleure fa\u00e7on de comprendre notre approche est de la vivre par vous-m\u00eame.<\/p>\n<p data-start=\"195\" data-end=\"353\">Participez \u00e0 une r\u00e9union ax\u00e9e sur la prise de parole et d\u00e9couvrez comment une pratique structur\u00e9e et des retours constructifs peuvent vous aider \u00e0 progresser.<\/p>\n<p data-start=\"355\" data-end=\"417\">Pratiquez votre expression dans un environnement bienveillant.<\/p>\n<ul><\/ul>\n<\/div><\/div>\n\n<div class=\"et_pb_module et_pb_button_module_wrapper et_pb_button_1_wrapper preset--module--divi-button--default_wrapper\"><a class=\"et_pb_button_1 et_pb_button et_pb_bg_layout_dark et_pb_module et_block_module preset--module--divi-button--default\" href=\"https:\/\/moderatorclub.org\/fr\/visit-a-meeting\/\" data-icon=\"$\">Assistez \u00e0 une r\u00e9union<\/a><\/div>\n<\/div>\n<\/div>\n<\/div>","protected":false},"excerpt":{"rendered":"","protected":false},"author":5,"featured_media":0,"parent":0,"menu_order":0,"comment_status":"closed","ping_status":"closed","template":"","meta":{"footnotes":""},"class_list":["post-4242","page","type-page","status-publish","hentry"],"_links":{"self":[{"href":"https:\/\/moderatorclub.org\/fr\/wp-json\/wp\/v2\/pages\/4242","targetHints":{"allow":["GET"]}}],"collection":[{"href":"https:\/\/moderatorclub.org\/fr\/wp-json\/wp\/v2\/pages"}],"about":[{"href":"https:\/\/moderatorclub.org\/fr\/wp-json\/wp\/v2\/types\/page"}],"author":[{"embeddable":true,"href":"https:\/\/moderatorclub.org\/fr\/wp-json\/wp\/v2\/users\/5"}],"replies":[{"embeddable":true,"href":"https:\/\/moderatorclub.org\/fr\/wp-json\/wp\/v2\/comments?post=4242"}],"version-history":[{"count":14,"href":"https:\/\/moderatorclub.org\/fr\/wp-json\/wp\/v2\/pages\/4242\/revisions"}],"predecessor-version":[{"id":4696,"href":"https:\/\/moderatorclub.org\/fr\/wp-json\/wp\/v2\/pages\/4242\/revisions\/4696"}],"wp:attachment":[{"href":"https:\/\/moderatorclub.org\/fr\/wp-json\/wp\/v2\/media?parent=4242"}],"curies":[{"name":"wp","href":"https:\/\/api.w.org\/{rel}","templated":true}]}}