{"id":4257,"date":"2026-04-01T14:03:47","date_gmt":"2026-04-01T18:03:47","guid":{"rendered":"https:\/\/moderatorclub.org\/?page_id=4257"},"modified":"2026-04-01T14:03:50","modified_gmt":"2026-04-01T18:03:50","slug":"leadership-montreal","status":"publish","type":"page","link":"https:\/\/moderatorclub.org\/fr\/leadership-montreal\/","title":{"rendered":"Comp\u00e9tence en leadership"},"content":{"rendered":"<div class=\"et_pb_section_0 et_pb_section et_section_regular et_block_section\">\n<div class=\"et_pb_row_0 et_pb_row et_block_row\">\n<div class=\"et_pb_column_0 et_pb_column et_pb_column_4_4 et-last-child et_block_column et_pb_css_mix_blend_mode_passthrough\">\n<div class=\"et_pb_text_0 et_pb_text et_pb_bg_layout_dark et_pb_module et_block_module\"><div class=\"et_pb_text_inner\"><h1 style=\"font-weight: 400; text-align: center;\"><span>Comp\u00e9tences en leadership \u00e0 Montr\u00e9al<\/span><\/h1>\n<p style=\"font-weight: 400; text-align: center;\"><span>D\u00e9veloppez votre leadership par la pratique et la prise de responsabilit\u00e9<\/span><\/p>\n<\/div><\/div>\n<\/div>\n<\/div>\n<\/div>\n\n<div class=\"et_pb_section_1 et_pb_section et_section_regular et_block_section\">\n<div class=\"et_pb_row_1 et_pb_row et_block_row\">\n<div class=\"et_pb_column_1 et_pb_column et_pb_column_4_4 et-last-child et_block_column et_pb_css_mix_blend_mode_passthrough\">\n<div class=\"et_pb_text_1 et_pb_text et_pb_bg_layout_light et_pb_module et_block_module\"><div class=\"et_pb_text_inner\"><p data-start=\"177\" data-end=\"378\">Le<a href=\"https:\/\/moderatorclub.org\/fr\/2026\/ce-quest-reellement-le-leadership-et-pourquoi-il-est-si-souvent-mal-compris\/\"> leadership<\/a> ne se construit pas uniquement par la th\u00e9orie.<br data-start=\"237\" data-end=\"240\" \/>Il se d\u00e9veloppe \u00e0 travers la prise de responsabilit\u00e9, la prise de d\u00e9cision et la capacit\u00e9 \u00e0 guider les autres dans des situations r\u00e9elles.<\/p>\n<p data-start=\"380\" data-end=\"715\">Au sein du Moderator Toastmasters Club de Montr\u00e9al, nous offrons un environnement structur\u00e9 o\u00f9 les professionnels d\u00e9veloppent leurs comp\u00e9tences en leadership en animant de vraies r\u00e9unions, en collaborant avec de vraies personnes et en assumant la responsabilit\u00e9 des r\u00e9sultats \u2014 et non \u00e0 travers des simulations ou des cours th\u00e9oriques.<\/p>\n<\/div><\/div>\n<\/div>\n<\/div>\n\n<div class=\"et_pb_row_2 et_pb_row et_block_row\">\n<div class=\"et_pb_column_2 et_pb_column et_pb_column_4_4 et-last-child et_block_column et_pb_css_mix_blend_mode_passthrough\">\n<div class=\"et_pb_image_0 et_pb_image et_pb_module et_block_module\"><span class=\"et_pb_image_wrap\"><img loading=\"lazy\" decoding=\"async\" src=\"https:\/\/moderatorclub.org\/wp-content\/uploads\/2026\/02\/leadership-skills.png\" width=\"1536\" height=\"1024\" srcset=\"https:\/\/moderatorclub.org\/wp-content\/uploads\/2026\/02\/leadership-skills.png 1536w, https:\/\/moderatorclub.org\/wp-content\/uploads\/2026\/02\/leadership-skills-1280x853.png 1280w, https:\/\/moderatorclub.org\/wp-content\/uploads\/2026\/02\/leadership-skills-980x653.png 980w, https:\/\/moderatorclub.org\/wp-content\/uploads\/2026\/02\/leadership-skills-480x320.png 480w\" sizes=\"(min-width: 0px) and (max-width: 480px) 480px, (min-width: 481px) and (max-width: 980px) 980px, (min-width: 981px) and (max-width: 1280px) 1280px, (min-width: 1281px) 1536px, 100vw\" class=\"wp-image-4264\" title=\"leadership skills\" \/><\/span><\/div>\n\n<div class=\"et_pb_module et_pb_button_module_wrapper et_pb_button_0_wrapper preset--module--divi-button--default_wrapper\"><a class=\"et_pb_button_0 et_pb_button et_pb_bg_layout_dark et_pb_module et_block_module preset--module--divi-button--default\" href=\"https:\/\/moderatorclub.org\/fr\/visit-a-meeting\/\" data-icon=\"$\">Assistez \u00e0 une r\u00e9union<\/a><\/div>\n<\/div>\n<\/div>\n<\/div>\n\n<div class=\"et_pb_section_2 et_pb_section et_section_regular et_block_section\">\n<div class=\"et_pb_row_3 et_pb_row et_block_row\">\n<div class=\"et_pb_column_3 et_pb_column et_pb_column_4_4 et-last-child et_block_column et_pb_css_mix_blend_mode_passthrough\">\n<div class=\"et_pb_text_2 et_pb_text et_pb_bg_layout_light et_pb_module et_block_module\"><div class=\"et_pb_text_inner\"><h2 style=\"font-weight: 400;\"><span>Le leadership se pratique, il ne s\u2019enseigne pas<\/span><\/h2>\n<\/div><\/div>\n\n<div class=\"et_pb_text_3 et_pb_text et_pb_bg_layout_light et_pb_module et_block_module\"><div class=\"et_pb_text_inner\"><p data-start=\"110\" data-end=\"434\">De nombreux professionnels atteignent un stade o\u00f9 s\u2019exprimer clairement n\u2019est plus le principal d\u00e9fi.<br data-start=\"211\" data-end=\"214\" \/>L\u2019\u00e9tape suivante consiste \u00e0 apprendre \u00e0 diriger : animer des discussions, guider des \u00e9quipes, prendre des d\u00e9cisions et assumer des responsabilit\u00e9s devant les autres. <a href=\"https:\/\/moderatorclub.org\/fr\/2026\/do-you-need-leadership-skills-if-youre-not-a-manager\/\">M\u00eame sans \u00eatre manager, le leadership reste essentiel<\/a>.<\/p>\n<p data-start=\"436\" data-end=\"496\">Les comp\u00e9tences en leadership se d\u00e9veloppent notamment par :<\/p>\n<ul data-start=\"498\" data-end=\"752\">\n<li data-section-id=\"pz5lwy\" data-start=\"498\" data-end=\"553\">Assumer la responsabilit\u00e9 des r\u00e9sultats d\u2019un groupe<\/li>\n<li data-section-id=\"1uoee55\" data-start=\"554\" data-end=\"610\">Prendre des d\u00e9cisions avec des informations limit\u00e9es<\/li>\n<li data-section-id=\"16d94dp\" data-start=\"611\" data-end=\"660\">G\u00e9rer le temps, les personnes et les attentes<\/li>\n<li data-section-id=\"1o7fhf9\" data-start=\"661\" data-end=\"708\">Donner et recevoir des retours constructifs<\/li>\n<li data-section-id=\"1b95fdw\" data-start=\"709\" data-end=\"752\">Se responsabiliser au sein d\u2019une \u00e9quipe<\/li>\n<\/ul>\n<p data-start=\"754\" data-end=\"840\">Ces comp\u00e9tences ne peuvent se d\u00e9velopper que par une pratique r\u00e9guli\u00e8re et structur\u00e9e.<\/p>\n<\/div><\/div>\n<\/div>\n<\/div>\n<\/div>\n\n<div class=\"et_pb_section_3 et_pb_section et_section_regular et_block_section\">\n<div class=\"et_pb_row_4 et_pb_row et_block_row\">\n<div class=\"et_pb_column_4 et_pb_column et_pb_column_4_4 et-last-child et_block_column et_pb_css_mix_blend_mode_passthrough\">\n<div class=\"et_pb_text_4 et_pb_text et_pb_bg_layout_light et_pb_module et_block_module\"><div class=\"et_pb_text_inner\"><h2 style=\"font-weight: 400;\"><span>Comment Toastmasters d\u00e9veloppe une v\u00e9ritable exp\u00e9rience en leadership<\/span><\/h2>\n<\/div><\/div>\n\n<div class=\"et_pb_text_5 et_pb_text et_pb_bg_layout_light et_pb_module et_block_module\"><div class=\"et_pb_text_inner\"><p data-start=\"136\" data-end=\"221\">Toastmasters propose un cadre dans lequel le leadership est int\u00e9gr\u00e9 \u00e0 chaque r\u00e9union.<\/p>\n<p data-start=\"223\" data-end=\"312\">Plut\u00f4t que d\u2019observer le leadership en th\u00e9orie, les membres le pratiquent activement en :<\/p>\n<ul data-start=\"314\" data-end=\"562\">\n<li data-section-id=\"1liozvu\" data-start=\"314\" data-end=\"355\">Planifiant et organisant des r\u00e9unions<\/li>\n<li data-section-id=\"1d6d54e\" data-start=\"356\" data-end=\"413\">G\u00e9rant les ordres du jour et les contraintes de temps<\/li>\n<li data-section-id=\"dpjrc8\" data-start=\"414\" data-end=\"459\">Coordonnant les r\u00f4les et les participants<\/li>\n<li data-section-id=\"m4d7xi\" data-start=\"460\" data-end=\"506\">Animant les discussions et les transitions<\/li>\n<li data-section-id=\"gs5jc5\" data-start=\"507\" data-end=\"562\">\u00c9valuant les performances et en donnant des retours<\/li>\n<\/ul>\n<p data-start=\"564\" data-end=\"651\">Chaque r\u00e9union offre des occasions concr\u00e8tes de diriger, de r\u00e9fl\u00e9chir et de progresser.<\/p>\n<ul><\/ul>\n<\/div><\/div>\n<\/div>\n<\/div>\n<\/div>\n\n<div class=\"et_pb_section_4 et_pb_section et_section_regular et_block_section\">\n<div class=\"et_pb_row_5 et_pb_row et_block_row\">\n<div class=\"et_pb_column_5 et_pb_column et_pb_column_4_4 et-last-child et_block_column et_pb_css_mix_blend_mode_passthrough\">\n<div class=\"et_pb_text_6 et_pb_text et_pb_bg_layout_light et_pb_module et_block_module\"><div class=\"et_pb_text_inner\"><h2 data-start=\"57\" data-end=\"116\">Des r\u00f4les qui d\u00e9veloppent les comp\u00e9tences en leadership<\/h2>\n<\/div><\/div>\n\n<div class=\"et_pb_text_7 et_pb_text et_pb_bg_layout_light et_pb_module et_block_module\"><div class=\"et_pb_text_inner\"><p data-start=\"118\" data-end=\"360\">Chez Toastmasters, le leadership se pratique \u00e0 travers des r\u00f4les clairement d\u00e9finis, chacun visant \u00e0 d\u00e9velopper des comp\u00e9tences sp\u00e9cifiques. En r\u00e9alit\u00e9, <a href=\"https:\/\/moderatorclub.org\/fr\/2026\/diriger-une-reunion-une-competence-de-leadership-sous-estimee\/\">animer une r\u00e9union chez Toastmasters<\/a> est un moyen concret de d\u00e9velopper votre leadership.<\/p>\n<p data-start=\"362\" data-end=\"408\">\u00c0 travers ces r\u00f4les, les membres d\u00e9veloppent :<\/p>\n<ul data-start=\"410\" data-end=\"768\">\n<li data-section-id=\"sluh0n\" data-start=\"410\" data-end=\"480\">La capacit\u00e9 \u00e0 pr\u00e9sider des r\u00e9unions et \u00e0 en maintenir la structure<\/li>\n<li data-section-id=\"gai6er\" data-start=\"481\" data-end=\"539\">L\u2019aptitude \u00e0 animer des discussions et des transitions<\/li>\n<li data-section-id=\"v23ri9\" data-start=\"540\" data-end=\"620\">La prise de d\u00e9cision dans des contextes contraints par le temps et les r\u00f4les<\/li>\n<li data-section-id=\"1wy25u2\" data-start=\"621\" data-end=\"699\">La capacit\u00e9 \u00e0 fournir des \u00e9valuations claires, \u00e9quitables et constructives<\/li>\n<li data-section-id=\"17zalhz\" data-start=\"700\" data-end=\"768\">Le sens des responsabilit\u00e9s dans la pr\u00e9paration et les r\u00e9sultats<\/li>\n<\/ul>\n<p data-start=\"770\" data-end=\"906\">Ces responsabilit\u00e9s refl\u00e8tent des situations de leadership que l\u2019on retrouve dans des environnements professionnels et organisationnels.<\/p>\n<ul><\/ul>\n<\/div><\/div>\n<\/div>\n<\/div>\n<\/div>\n\n<div class=\"et_pb_section_5 et_pb_section et_section_regular et_block_section\">\n<div class=\"et_pb_row_6 et_pb_row et_block_row\">\n<div class=\"et_pb_column_6 et_pb_column et_pb_column_4_4 et-last-child et_block_column et_pb_css_mix_blend_mode_passthrough\">\n<div class=\"et_pb_text_8 et_pb_text et_pb_bg_layout_light et_pb_module et_block_module\"><div class=\"et_pb_text_inner\"><h2 style=\"font-weight: 400;\"><span>De la prise de parole au leadership<\/span><\/h2>\n<\/div><\/div>\n\n<div class=\"et_pb_text_9 et_pb_text et_pb_bg_layout_light et_pb_module et_block_module\"><div class=\"et_pb_text_inner\"><p data-start=\"93\" data-end=\"185\">Une communication efficace est le fondement du leadership \u2014 mais le leadership va plus loin.<\/p>\n<p data-start=\"187\" data-end=\"228\">Cette transition implique d\u2019apprendre \u00e0 :<\/p>\n<ul data-start=\"230\" data-end=\"506\">\n<li data-section-id=\"xb24jm\" data-start=\"230\" data-end=\"288\">Guider les autres, et pas seulement exprimer ses id\u00e9es<\/li>\n<li data-section-id=\"1t12g4r\" data-start=\"289\" data-end=\"344\">Trouver l\u2019\u00e9quilibre entre autorit\u00e9 et collaboration<\/li>\n<li data-section-id=\"1bs63oe\" data-start=\"345\" data-end=\"402\">\u00c9couter activement et r\u00e9pondre de mani\u00e8re strat\u00e9gique<\/li>\n<li data-section-id=\"19u2hco\" data-start=\"403\" data-end=\"452\">G\u00e9rer la dynamique de groupe et les priorit\u00e9s<\/li>\n<li data-section-id=\"caui3u\" data-start=\"453\" data-end=\"506\">Repr\u00e9senter un groupe, et non uniquement soi-m\u00eame<\/li>\n<\/ul>\n<p data-start=\"508\" data-end=\"693\">De la capacit\u00e9 \u00e0 diriger les autres \u00e0 celle de <a href=\"https:\/\/moderatorclub.org\/fr\/2026\/how-to-disagree-in-meetings-without-sounding-defensive-or-aggressive\/\">savoir exprimer un d\u00e9saccord<\/a> en r\u00e9union, Toastmasters vous aide \u00e0 combler l\u2019\u00e9cart entre bien s\u2019exprimer et exercer un leadership efficace.<\/p>\n<ul><\/ul>\n<\/div><\/div>\n<\/div>\n<\/div>\n<\/div>\n\n<div class=\"et_pb_section_6 et_pb_section et_section_regular et_block_section\">\n<div class=\"et_pb_row_7 et_pb_row et_block_row\">\n<div class=\"et_pb_column_7 et_pb_column et_pb_column_4_4 et-last-child et_block_column et_pb_css_mix_blend_mode_passthrough\">\n<div class=\"et_pb_text_10 et_pb_text et_pb_bg_layout_light et_pb_module et_block_module\"><div class=\"et_pb_text_inner\"><h2 style=\"font-weight: 400;\"><span>R\u00e9sultats en leadership que vous observerez<\/span><\/h2>\n<\/div><\/div>\n\n<div class=\"et_pb_text_11 et_pb_text et_pb_bg_layout_light et_pb_module et_block_module\"><div class=\"et_pb_text_inner\"><p data-start=\"102\" data-end=\"174\">Avec une participation r\u00e9guli\u00e8re, les membres d\u00e9veloppent g\u00e9n\u00e9ralement :<\/p>\n<ul data-start=\"176\" data-end=\"567\">\n<li data-section-id=\"1wljfet\" data-start=\"176\" data-end=\"246\">Une plus grande confiance pour diriger des r\u00e9unions et des \u00e9quipes<\/li>\n<li data-section-id=\"ryt08h\" data-start=\"247\" data-end=\"305\">Une prise de d\u00e9cision et une priorisation plus claires<\/li>\n<li data-section-id=\"2btz0b\" data-start=\"306\" data-end=\"367\">De meilleures comp\u00e9tences en animation et en organisation<\/li>\n<li data-section-id=\"eg31d1\" data-start=\"368\" data-end=\"427\">Une capacit\u00e9 am\u00e9lior\u00e9e \u00e0 donner et recevoir du feedback<\/li>\n<li data-section-id=\"t4iej7\" data-start=\"428\" data-end=\"484\">Un sens accru des responsabilit\u00e9s et de l\u2019engagement<\/li>\n<li data-section-id=\"1qiybnk\" data-start=\"485\" data-end=\"567\">Une pr\u00e9sence de leadership dans des contextes professionnels et communautaires<\/li>\n<\/ul>\n<p data-start=\"569\" data-end=\"642\">Les progr\u00e8s sont progressifs, mais concrets et observables dans le temps.<\/p>\n<ul><\/ul>\n<\/div><\/div>\n<\/div>\n<\/div>\n<\/div>\n\n<div class=\"et_pb_section_7 et_pb_section et_section_regular et_block_section\">\n<div class=\"et_pb_row_8 et_pb_row et_block_row\">\n<div class=\"et_pb_column_8 et_pb_column et_pb_column_4_4 et-last-child et_block_column et_pb_css_mix_blend_mode_passthrough\">\n<div class=\"et_pb_text_12 et_pb_text et_pb_bg_layout_light et_pb_module et_block_module\"><div class=\"et_pb_text_inner\"><h2 style=\"font-weight: 400;\"><span>Pr\u00eat \u00e0 pratiquer vos comp\u00e9tences en leadership \u00e0 Montr\u00e9al ?<\/span><\/h2>\n<\/div><\/div>\n\n<div class=\"et_pb_text_13 et_pb_text et_pb_bg_layout_light et_pb_module et_block_module\"><div class=\"et_pb_text_inner\"><p data-start=\"115\" data-end=\"180\">Le leadership se d\u00e9veloppe par la responsabilit\u00e9 et l\u2019exp\u00e9rience.<\/p>\n<p data-start=\"182\" data-end=\"352\"><strong data-start=\"182\" data-end=\"229\">D\u00e9veloppez votre leadership par la pratique<\/strong> en assumant de vrais r\u00f4les, en animant de vraies r\u00e9unions et en apprenant dans un environnement structur\u00e9 et bienveillant.<\/p>\n<p data-start=\"354\" data-end=\"405\"><strong data-start=\"354\" data-end=\"405\">Animez de vraies r\u00e9unions, pas des simulations.<\/strong><\/p>\n<ul><\/ul>\n<\/div><\/div>\n\n<div class=\"et_pb_module et_pb_button_module_wrapper et_pb_button_1_wrapper preset--module--divi-button--default_wrapper\"><a class=\"et_pb_button_1 et_pb_button et_pb_bg_layout_dark et_pb_module et_block_module preset--module--divi-button--default\" href=\"https:\/\/moderatorclub.org\/fr\/visit-a-meeting\/\" data-icon=\"$\">Assistez \u00e0 une r\u00e9union<\/a><\/div>\n<\/div>\n<\/div>\n<\/div>","protected":false},"excerpt":{"rendered":"","protected":false},"author":5,"featured_media":0,"parent":0,"menu_order":0,"comment_status":"closed","ping_status":"closed","template":"","meta":{"footnotes":""},"class_list":["post-4257","page","type-page","status-publish","hentry"],"_links":{"self":[{"href":"https:\/\/moderatorclub.org\/fr\/wp-json\/wp\/v2\/pages\/4257","targetHints":{"allow":["GET"]}}],"collection":[{"href":"https:\/\/moderatorclub.org\/fr\/wp-json\/wp\/v2\/pages"}],"about":[{"href":"https:\/\/moderatorclub.org\/fr\/wp-json\/wp\/v2\/types\/page"}],"author":[{"embeddable":true,"href":"https:\/\/moderatorclub.org\/fr\/wp-json\/wp\/v2\/users\/5"}],"replies":[{"embeddable":true,"href":"https:\/\/moderatorclub.org\/fr\/wp-json\/wp\/v2\/comments?post=4257"}],"version-history":[{"count":8,"href":"https:\/\/moderatorclub.org\/fr\/wp-json\/wp\/v2\/pages\/4257\/revisions"}],"predecessor-version":[{"id":4702,"href":"https:\/\/moderatorclub.org\/fr\/wp-json\/wp\/v2\/pages\/4257\/revisions\/4702"}],"wp:attachment":[{"href":"https:\/\/moderatorclub.org\/fr\/wp-json\/wp\/v2\/media?parent=4257"}],"curies":[{"name":"wp","href":"https:\/\/api.w.org\/{rel}","templated":true}]}}