{"id":584,"date":"2022-04-26T12:08:48","date_gmt":"2022-04-26T12:08:48","guid":{"rendered":"https:\/\/moderatorclub.org\/?page_id=584"},"modified":"2026-03-21T15:37:03","modified_gmt":"2026-03-21T19:37:03","slug":"what-is-toastmasters","status":"publish","type":"page","link":"https:\/\/moderatorclub.org\/fr\/what-is-toastmasters\/","title":{"rendered":"\u00c0 propos de Toastmasters"},"content":{"rendered":"\n<div class=\"et_pb_section_0 et_pb_section et_section_regular et_block_section\"><div class=\"et_pb_row_0 et_pb_row et_block_row\"><div class=\"et_pb_column_0 et_pb_column et_pb_column_4_4 et-last-child et_block_column et_pb_css_mix_blend_mode_passthrough\"><div class=\"et_pb_text_0 et_pb_text et_pb_bg_layout_light et_pb_module et_block_module\"><div class=\"et_pb_text_inner\"><h1>Toastmasters International<\/h1>\n<\/div><\/div><div class=\"et_pb_text_1 et_pb_text et_pb_bg_layout_light et_pb_module et_block_module\"><div class=\"et_pb_text_inner\"><h3>L'histoire de Toastmasters International en bref<\/h3>\n<\/div><\/div><div class=\"et_pb_text_2 et_pb_text et_pb_bg_layout_light et_pb_module et_block_module\"><div class=\"et_pb_text_inner\"><p>Toastmasters International a \u00e9t\u00e9 fond\u00e9 par le Dr. Ralph C. Smedley, en octobre 1924, au moment de la premi\u00e8re r\u00e9union Toastmasters qui a eu lieu dans le YMCA de Santa Ana en Californie (\u00c9.U.). Il existe maintenant plus de 15 800 clubs Toastmasters et 300 000 membres r\u00e9partis dans 149 pays. Le si\u00e8ge social de l\u2019organisation est situ\u00e9 au Colorado.<\/p>\n<p>Plus de 4 millions d\u2019hommes et de femmes ont b\u00e9n\u00e9fici\u00e9 du programme de Toastmasters International. Plus de 1 000 compagnies et agences gouvernementales parrainent \u00e0 l\u2019interne des clubs Toastmasters en tant qu\u2019ateliers sur la communication pour leurs employ\u00e9s. Des clubs Toastmasters sp\u00e9cialis\u00e9s ont \u00e9t\u00e9 fond\u00e9s dans des bases militaires, des associations de professionnels, des \u00e9tablissements d\u2019enseignements, des maisons de personnes \u00e2g\u00e9es, des \u00e9glises et m\u00eame des prisons. Toastmasters International est ouvert \u00e0 toute personne \u00e2g\u00e9e de 18 ans et plus sans \u00e9gard \u00e0 la race, \u00e0 la couleur, aux convictions religieuses, au sexe, \u00e0 l\u2019origine ethnique ou nationale, \u00e0 l\u2019orientation sexuelle ou aux handicaps physiques ou mentaux, aussi longtemps que la personne est en mesure de participer au programme.<\/p>\n<\/div><\/div><div class=\"et_pb_text_3 et_pb_text et_pb_bg_layout_light et_pb_module et_block_module\"><div class=\"et_pb_text_inner\"><h3>Une exp\u00e9rience de communication et de leadership<\/h3>\n<\/div><\/div><div class=\"et_pb_text_4 et_pb_text et_pb_bg_layout_light et_pb_module et_block_module\"><div class=\"et_pb_text_inner\"><p>Toastmasters International est une organisation form\u00e9e de plus de 15 800 clubs d\u00e9di\u00e9s \u00e0 la formation en communication et en leadership.<\/p>\n<p>Lorsque vous vous joignez \u00e0 un club Toastmasters, vous avez la possibilit\u00e9 de pratiquer la communication en public devant vos confr\u00e8res et vos cons\u0153urs lors de chaque r\u00e9union. Vous \u00eates libre de progresser \u00e0 votre propre rythme et vous recevrez toujours le support et l\u2019encadrement dont vous avez besoin.<\/p>\n<p>Vous pouvez aussi apprendre concr\u00e8tement vos techniques de leadership en animant une partie de la r\u00e9union et en devenant un membre du comit\u00e9 de direction du club, chaque club \u00e9tant administr\u00e9 par ses membres.<\/p>\n<p>La communication et le leadership vont de pair chez Toastmasters, comme dans la vie professionnelle et personnelle.<\/p>\n<\/div><\/div><div class=\"et_pb_text_5 et_pb_text et_pb_bg_layout_light et_pb_module et_block_module\"><div class=\"et_pb_text_inner\"><h3>Les avantages qu\u2019offre Toastmasters<\/h3>\n<\/div><\/div><div class=\"et_pb_text_6 et_pb_text et_pb_bg_layout_light et_pb_module et_block_module\"><div class=\"et_pb_text_inner\"><p>En participant aux r\u00e9unions de votre club Toastmasters, vous apprendrez \u00e0 utiliser une technique de communication qui est appropri\u00e9e pour chaque auditoire, que celui-ci soit le conseil d\u2019administration d\u2019une grande entreprise, un comit\u00e9 de collecte de fonds ou une r\u00e9union de famille.<\/p>\n<p>Plus pr\u00e9cis\u00e9ment, en tant que Toastmasters, vous allez :<\/p>\n<ul>\n<li>Apprendre \u00e0 pr\u00e9parer et \u00e0 pr\u00e9senter des discours en utilisant les manuels de discours d\u00e9velopp\u00e9s par Toastmasters International;<\/li>\n<li>Organiser et g\u00e9rer des r\u00e9unions et autres \u00e9v\u00e8nements;<\/li>\n<li>D\u00e9velopper votre leadership et votre sens de l\u2019organisation en travaillant en tant que dirigeant d\u2019un club;<\/li>\n<li>Apprendre \u00e0 motiver les gens en donnant des \u00e9valuations de discours constructives;<\/li>\n<li>Acqu\u00e9rir de la confiance en soi, des habilit\u00e9s sociales et une personnalit\u00e9 plus extravertie;<\/li>\n<li>Faire parti d\u2019un groupe amical de personnes provenant de diff\u00e9rents milieux qui se rencontrent habituellement chaque semaine pour s\u2019aider les uns les autres \u00e0 atteindre leurs objectifs de formation.<\/li>\n<\/ul>\n<\/div><\/div><div class=\"et_pb_text_7 et_pb_text et_pb_bg_layout_light et_pb_module et_block_module\"><div class=\"et_pb_text_inner\"><h3>Toastmaster vous convient-il?<\/h3>\n<\/div><\/div><div class=\"et_pb_text_8 et_pb_text et_pb_bg_layout_light et_pb_module et_block_module\"><div class=\"et_pb_text_inner\"><ul>\n<li>\u00cates-vous nerveux lorsque vous parlez devant un auditoire?<\/li>\n<li>D\u00e9sirez-vous exprimer vos pens\u00e9es et vos id\u00e9es avec confiance?<\/li>\n<li>Manquez-vous de courage pour demander une augmentation de salaire \u00e0 votre patron?<\/li>\n<li>Voulez-vous am\u00e9liorer votre r\u00e9seautage d\u2019affaire?<\/li>\n<li>Voulez-vous devenir un meilleur motivateur pour vos coll\u00e8gues ou vos enfants?<\/li>\n<li>Voulez-vous devenir un meilleur communicateur et leader?<\/li>\n<\/ul>\n<p>Si vous avez r\u00e9pondu \"OUI\" \u00e0 l\u2019une ou l\u2019autre de ces questions, Toastmasters est fait pour vous.<\/p>\n<p>Toute personne \u00e2g\u00e9e de 18 ans et plus peut se joindre \u00e0 un club Toastmasters. Le programme \u00e9ducatif de Toastmasters vous aidera \u00e0 d\u00e9velopper les habilit\u00e9s pour la communication et le leadership dont vous avez besoin, que vous soyez un professionnel, un \u00e9tudiant, un parent \u00e0 la maison ou un retrait\u00e9. Toastmasters est la fa\u00e7on la plus efficace, amusante et abordable d\u2019acqu\u00e9rir des habilit\u00e9s pour la communication et le leadership. En apprenant \u00e0 formuler et \u00e0 exprimer vos id\u00e9es, vous vous ouvrez \u00e0 une nouvelle gamme de possibilit\u00e9s. Vous serez plus persuasif et plus confiant au moment de donner des pr\u00e9sentations, et vous am\u00e9liorerez vos communications personnelles.<\/p>\n<\/div><\/div><div class=\"et_pb_text_9 et_pb_text et_pb_bg_layout_light et_pb_module et_block_module\"><div class=\"et_pb_text_inner\"><h3>Les leaders sont de bons communicateurs<\/h3>\n<\/div><\/div><div class=\"et_pb_text_10 et_pb_text et_pb_bg_layout_light et_pb_module et_block_module\"><div class=\"et_pb_text_inner\"><p>Le leadership est l\u2019art de persuader un groupe de faire ce que vous voulez qu\u2019il fasse. Pour cela, il vous faut \u00eatre un bon communicateur et un bon leader. Dans notre club Toastmasters vous d\u00e9velopperez ces deux facettes. Ensuite, vous apprendrez \u00e0 varier votre approche selon les besoins et les attentes de diff\u00e9rentes personnes, que ce soit un auditoire sp\u00e9cifique pour un discours, un comit\u00e9 d\u2019une collecte de fonds ou des membres de votre famille.<\/p>\n<\/div><\/div><div class=\"et_pb_text_11 et_pb_text et_pb_bg_layout_light et_pb_module et_block_module\"><div class=\"et_pb_text_inner\"><h3>Le Programme Pathways<\/h3>\n<\/div><\/div><\/div><\/div><\/div><div class=\"et_pb_section_1 et_pb_section et_section_specialty et_pb_gutters3 et_block_section\"><div class=\"et_pb_row et_block_row\"><div class=\"et_pb_column_1 et_pb_column et_pb_column_single et_pb_column_1_2 et_block_column et_pb_css_mix_blend_mode_passthrough\"><div class=\"et_pb_video_0 et_pb_video et_pb_module et_block_module\"><div class=\"et_pb_video_box\"><iframe loading=\"lazy\" title=\"Toastmasters Pathways learning experience \u2013 What is Pathways?\" width=\"1080\" height=\"608\" src=\"https:\/\/www.youtube.com\/embed\/4ZnOGoaWOmE?feature=oembed\"  allow=\"accelerometer; autoplay; clipboard-write; encrypted-media; gyroscope; picture-in-picture; web-share\" referrerpolicy=\"strict-origin-when-cross-origin\" allowfullscreen><\/iframe><\/div><\/div><\/div><div class=\"et_pb_column_2 et_pb_column et_pb_specialty_column et_pb_column_1_2 et-last-child et_block_column et_pb_css_mix_blend_mode_passthrough\"><div class=\"et_pb_row_inner_0 et_pb_row_inner et_block_row\"><div class=\"et_pb_column_inner_0 et_pb_column_inner et_pb_column et_pb_column_4_4 et-last-child et_block_column et_pb_css_mix_blend_mode_passthrough\"><div class=\"et_pb_text_12 et_pb_text et_pb_bg_layout_light et_pb_module et_block_module\"><div class=\"et_pb_text_inner\"><p>Choisissez parmi 11 chemins possibles:<\/p>\n<\/div><\/div><\/div><\/div><div class=\"et_pb_row_inner_1 et_pb_row_inner et_block_row\"><div class=\"et_pb_column_inner_1 et_pb_column_inner et_pb_column et_pb_column_1_6 et_block_column et_pb_css_mix_blend_mode_passthrough\"><div class=\"et_pb_text_13 et_pb_text et_pb_bg_layout_light et_pb_module et_block_module\"><div class=\"et_pb_text_inner\"><p>Dynamic Leadership<\/p>\n<\/div><\/div><div class=\"et_pb_text_14 et_pb_text et_pb_bg_layout_light et_pb_module et_block_module\"><div class=\"et_pb_text_inner\"><p>Persuasive Influence<\/p>\n<\/div><\/div><\/div><div class=\"et_pb_column_inner_2 et_pb_column_inner et_pb_column et_pb_column_1_6 et_block_column et_pb_css_mix_blend_mode_passthrough\"><div class=\"et_pb_text_15 et_pb_text et_pb_bg_layout_light et_pb_module et_block_module\"><div class=\"et_pb_text_inner\"><p>Presentation Mastery<\/p>\n<\/div><\/div><div class=\"et_pb_text_16 et_pb_text et_pb_bg_layout_light et_pb_module et_block_module\"><div class=\"et_pb_text_inner\"><p>Visionary Communication<\/p>\n<\/div><\/div><\/div><div class=\"et_pb_column_inner_3 et_pb_column_inner et_pb_column et_pb_column_1_6 et-last-child et_block_column et_pb_css_mix_blend_mode_passthrough\"><div class=\"et_pb_text_17 et_pb_text et_pb_bg_layout_light et_pb_module et_block_module\"><div class=\"et_pb_text_inner\"><p>Engaging Humor<\/p>\n<\/div><\/div><div class=\"et_pb_text_18 et_pb_text et_pb_bg_layout_light et_pb_module et_block_module\"><div class=\"et_pb_text_inner\"><p>Motivational Strategies<\/p>\n<\/div><\/div><\/div><\/div><div class=\"et_pb_row_inner_2 et_pb_row_inner et_block_row\"><div class=\"et_pb_column_inner_4 et_pb_column_inner et_pb_column et_pb_column_4_4 et-last-child et_block_column et_pb_css_mix_blend_mode_passthrough\"><div class=\"et_pb_text_19 et_pb_text et_pb_bg_layout_light et_pb_module et_block_module\"><div class=\"et_pb_text_inner\"><p><a href=\"https:\/\/www.toastmasters.org\/pathways-overview\" target=\"_blank\" rel=\"noopener\">Lire plus<\/a><\/p>\n<\/div><\/div><\/div><\/div><\/div><\/div><\/div><div class=\"et_pb_section_2 et_pb_section et_section_regular et_block_section\"><div class=\"et_pb_row_1 et_pb_row et_block_row\"><div class=\"et_pb_column_3 et_pb_column et_pb_column_4_4 et-last-child et_block_column et_pb_css_mix_blend_mode_passthrough\"><div class=\"et_pb_text_20 et_pb_text et_pb_bg_layout_light et_pb_module et_block_module\"><div class=\"et_pb_text_inner\"><h3>Le Championnat Mondial Toastmasters<\/h3>\n<\/div><\/div><\/div><\/div><div class=\"et_pb_row_2 et_pb_row et_block_row\"><div class=\"et_pb_column_4 et_pb_column et_pb_column_1_2 et_block_column et_pb_css_mix_blend_mode_passthrough\"><div class=\"et_pb_video_1 et_pb_video et_pb_module et_block_module\"><div class=\"et_pb_video_box\"><iframe loading=\"lazy\" title=\"2024 Toastmasters World Champion of Public Speaking: Luisa Montalvo\" width=\"1080\" height=\"608\" src=\"https:\/\/www.youtube.com\/embed\/OpuMNgxRMac?feature=oembed\"  allow=\"accelerometer; autoplay; clipboard-write; encrypted-media; gyroscope; picture-in-picture; web-share\" referrerpolicy=\"strict-origin-when-cross-origin\" allowfullscreen><\/iframe><\/div><\/div><div class=\"et_pb_video_2 et_pb_video et_pb_module et_block_module\"><div class=\"et_pb_video_box\"><iframe loading=\"lazy\" title=\"2022 Toastmasters World Champion of Public Speaking: Cyril Junior Dim\" width=\"1080\" height=\"608\" src=\"https:\/\/www.youtube.com\/embed\/lvYu29BpenY?feature=oembed\"  allow=\"accelerometer; autoplay; clipboard-write; encrypted-media; gyroscope; picture-in-picture; web-share\" referrerpolicy=\"strict-origin-when-cross-origin\" allowfullscreen><\/iframe><\/div><\/div><div class=\"et_pb_video_3 et_pb_video et_pb_module et_block_module\"><div class=\"et_pb_video_box\"><iframe loading=\"lazy\" title=\"2020 Toastmasters World Champion of Public Speaking: Mike Carr\" width=\"1080\" height=\"608\" src=\"https:\/\/www.youtube.com\/embed\/TA7awoBxBxc?feature=oembed\"  allow=\"accelerometer; autoplay; clipboard-write; encrypted-media; gyroscope; picture-in-picture; web-share\" referrerpolicy=\"strict-origin-when-cross-origin\" allowfullscreen><\/iframe><\/div><\/div><div class=\"et_pb_video_4 et_pb_video et_pb_module et_block_module\"><div class=\"et_pb_video_box\"><iframe loading=\"lazy\" title=\"2018 Toastmasters World Champion of Public Speaking, Ramona J. Smith\" width=\"1080\" height=\"608\" src=\"https:\/\/www.youtube.com\/embed\/7Tev43VNRIc?feature=oembed\"  allow=\"accelerometer; autoplay; clipboard-write; encrypted-media; gyroscope; picture-in-picture; web-share\" referrerpolicy=\"strict-origin-when-cross-origin\" allowfullscreen><\/iframe><\/div><\/div><\/div><div class=\"et_pb_column_5 et_pb_column et_pb_column_1_2 et-last-child et_block_column et_pb_css_mix_blend_mode_passthrough\"><div class=\"et_pb_video_5 et_pb_video et_pb_module et_block_module\"><div class=\"et_pb_video_box\"><iframe loading=\"lazy\" title=\"2023 Toastmasters World Champion of Public Speaking: Jocelyn Tyson\" width=\"1080\" height=\"608\" src=\"https:\/\/www.youtube.com\/embed\/vEmawDu17AU?feature=oembed\"  allow=\"accelerometer; autoplay; clipboard-write; encrypted-media; gyroscope; picture-in-picture; web-share\" referrerpolicy=\"strict-origin-when-cross-origin\" allowfullscreen><\/iframe><\/div><\/div><div class=\"et_pb_video_6 et_pb_video et_pb_module et_block_module\"><div class=\"et_pb_video_box\"><iframe loading=\"lazy\" title=\"2021 Toastmasters World Champion of Public Speaking: Verity Price\" width=\"1080\" height=\"608\" src=\"https:\/\/www.youtube.com\/embed\/k24vGzEjePo?feature=oembed\"  allow=\"accelerometer; autoplay; clipboard-write; encrypted-media; gyroscope; picture-in-picture; web-share\" referrerpolicy=\"strict-origin-when-cross-origin\" allowfullscreen><\/iframe><\/div><\/div><div class=\"et_pb_video_7 et_pb_video et_pb_module et_block_module\"><div class=\"et_pb_video_box\"><iframe loading=\"lazy\" title=\"2019 Toastmasters World Champion of Public Speaking, Aaron Beverly\" width=\"1080\" height=\"608\" src=\"https:\/\/www.youtube.com\/embed\/xmj1LBJu_Ss?feature=oembed\"  allow=\"accelerometer; autoplay; clipboard-write; encrypted-media; gyroscope; picture-in-picture; web-share\" referrerpolicy=\"strict-origin-when-cross-origin\" allowfullscreen><\/iframe><\/div><\/div><\/div><\/div><\/div><div class=\"et_pb_section_3 et_pb_section et_section_regular et_block_section section_has_divider et_pb_top_divider\"><div class=\"et_pb_top_inside_divider et-no-transition\"><\/div><div class=\"et_pb_row_3 et_pb_row et_block_row\"><div class=\"et_pb_column_6 et_pb_column et_pb_column_4_4 et-last-child et_block_column et_pb_css_mix_blend_mode_passthrough\"><div class=\"et_pb_module et_pb_button_module_wrapper et_pb_button_0_wrapper preset--module--divi-button--default_wrapper\"><a class=\"et_pb_button_0 et_pb_button et_pb_bg_layout_dark et_pb_module et_block_module preset--module--divi-button--default\" href=\"https:\/\/moderatorclub.org\/fr\/\" data-icon=\"$\">Accueil<\/a><\/div><\/div><\/div><\/div>\n","protected":false},"excerpt":{"rendered":"","protected":false},"author":1,"featured_media":0,"parent":0,"menu_order":0,"comment_status":"closed","ping_status":"closed","template":"","meta":{"footnotes":""},"class_list":["post-584","page","type-page","status-publish","hentry"],"_links":{"self":[{"href":"https:\/\/moderatorclub.org\/fr\/wp-json\/wp\/v2\/pages\/584","targetHints":{"allow":["GET"]}}],"collection":[{"href":"https:\/\/moderatorclub.org\/fr\/wp-json\/wp\/v2\/pages"}],"about":[{"href":"https:\/\/moderatorclub.org\/fr\/wp-json\/wp\/v2\/types\/page"}],"author":[{"embeddable":true,"href":"https:\/\/moderatorclub.org\/fr\/wp-json\/wp\/v2\/users\/1"}],"replies":[{"embeddable":true,"href":"https:\/\/moderatorclub.org\/fr\/wp-json\/wp\/v2\/comments?post=584"}],"version-history":[{"count":16,"href":"https:\/\/moderatorclub.org\/fr\/wp-json\/wp\/v2\/pages\/584\/revisions"}],"predecessor-version":[{"id":4564,"href":"https:\/\/moderatorclub.org\/fr\/wp-json\/wp\/v2\/pages\/584\/revisions\/4564"}],"wp:attachment":[{"href":"https:\/\/moderatorclub.org\/fr\/wp-json\/wp\/v2\/media?parent=584"}],"curies":[{"name":"wp","href":"https:\/\/api.w.org\/{rel}","templated":true}]}}